{"id":88206,"date":"2026-05-11T14:20:18","date_gmt":"2026-05-11T18:20:18","guid":{"rendered":"https:\/\/www.sportechange.com\/product\/dakine-slayer-mips\/"},"modified":"2026-05-11T14:24:19","modified_gmt":"2026-05-11T18:24:19","slug":"dakine-slayer-mips","status":"publish","type":"product","link":"https:\/\/www.sportechange.com\/en\/product\/dakine-slayer-mips\/","title":{"rendered":"DAKINE SLAYER MIPS"},"content":{"rendered":"<p>CONSTRUCTION IN-MOLD L\u00c9G\u00c8RE \u00c0 PARTIR DE MAT\u00c9RIAUX RECYCL\u00c9S : La construction in-mold l\u00e9g\u00e8re \u00e0 partir de mat\u00e9riaux recycl\u00e9s int\u00e8gre une coque et une doublure l\u00e9g\u00e8res, r\u00e9duisant ainsi le poids sans compromettre la durabilit\u00e9<\/p>\n<p>Le syst\u00e8me de protection c\u00e9r\u00e9brale MIPS\u00ae r\u00e9duit les mouvements de rotation du cerveau en cas de choc<\/p>\n<p>Visi\u00e8re r\u00e9glable d'une seule main \u00e0 partir de mat\u00e9riaux recycl\u00e9s<\/p>\n<p>17 a\u00e9rations passives<\/p>\n<p>Doublure rembourr\u00e9e \u00e0 cellules ouvertes (100 % polyester)<\/p>\n<p>Boucle magn\u00e9tique Fidlock\u00ae \u00e0 r\u00e9glage d'une seule main<\/p>\n<p>Molette de r\u00e9glage de l'ajustement<\/p>\n<p>Certification CE EN 1078 et certification am\u00e9ricaine CPSC 16 CFR 1203<\/p>\n<p>MAT\u00c9RIAUX : Construction moul\u00e9e l\u00e9g\u00e8re en PC recycl\u00e9 (80 % de polycarbonate recycl\u00e9, 20 % de polycarbonate)<\/p>\n<p>Doublure en mousse EPS recycl\u00e9e (50 % de polystyr\u00e8ne expans\u00e9 recycl\u00e9, 50 % de polystyr\u00e8ne expans\u00e9)<\/p>\n<p>Visi\u00e8re ajustable d'une seule main en mat\u00e9riaux recycl\u00e9s (70 % de polyaramide, 15 % de polyaramide recycl\u00e9, 15 % de fibre de verre) | Sangle en rPET recycl\u00e9 (100 % de poly\u00e9thyl\u00e8ne t\u00e9r\u00e9phtalate recycl\u00e9)<\/p>\n","protected":false},"excerpt":{"rendered":"<p>The new Dakine Slayer MIPS bike helmet incorporates the most advanced protective technologies on the market, along with all the sustainable materials we could include, without compromising on quality or durability. Because protecting cyclists and caring for the planet is our mission.<\/p>\n<p><a href=\"https:\/\/cdn.shopify.com\/s\/files\/1\/0242\/3141\/1792\/files\/BG_R111250042_F7270C3EF94749269EDBFE60E7BD73C3.pdf?v=1771004155\">Safety &amp; Compliance Testing<\/a><\/p>\n<p><a href=\"https:\/\/cdn.shopify.com\/s\/files\/1\/0242\/3141\/1792\/files\/RF_060_03_EC_Declaration_of_Conformity_PPER_-_DAKINE_d.101.3495_SLAYER_MIPS_HELMET.pdf?v=1776718389\">EC Declaration of Conformity<\/a><\/p>\n<p><a href=\"https:\/\/cdn.shopify.com\/s\/files\/1\/0242\/3141\/1792\/files\/Dakine-Slayer-Helmet-10004687-10004686-SizeChart_WhiteBackground_jpg.jpg?v=1772583354\">Size Chart<\/a><\/p>\n","protected":false},"featured_media":88200,"template":"","meta":{"_monsterinsights_skip_tracking":false,"_monsterinsights_sitenote_active":false,"_monsterinsights_sitenote_note":"","_monsterinsights_sitenote_category":0},"product_brand":[],"product_cat":[164],"product_tag":[],"class_list":{"0":"post-88206","1":"product","2":"type-product","3":"status-publish","4":"has-post-thumbnail","6":"product_cat-bike-helmet","7":"pa_grandeur-l-xl-en","8":"pa_grandeur-m-l-en","9":"has-post-title","10":"has-post-date","11":"has-post-category","12":"has-post-tag","13":"has-post-comment","14":"has-post-author","15":"","17":"first","18":"instock","19":"taxable","20":"shipping-taxable","21":"purchasable","22":"product-type-variable"},"aioseo_notices":[],"_links":{"self":[{"href":"https:\/\/www.sportechange.com\/en\/wp-json\/wp\/v2\/product\/88206","targetHints":{"allow":["GET"]}}],"collection":[{"href":"https:\/\/www.sportechange.com\/en\/wp-json\/wp\/v2\/product"}],"about":[{"href":"https:\/\/www.sportechange.com\/en\/wp-json\/wp\/v2\/types\/product"}],"wp:featuredmedia":[{"embeddable":true,"href":"https:\/\/www.sportechange.com\/en\/wp-json\/wp\/v2\/media\/88200"}],"wp:attachment":[{"href":"https:\/\/www.sportechange.com\/en\/wp-json\/wp\/v2\/media?parent=88206"}],"wp:term":[{"taxonomy":"product_brand","embeddable":true,"href":"https:\/\/www.sportechange.com\/en\/wp-json\/wp\/v2\/product_brand?post=88206"},{"taxonomy":"product_cat","embeddable":true,"href":"https:\/\/www.sportechange.com\/en\/wp-json\/wp\/v2\/product_cat?post=88206"},{"taxonomy":"product_tag","embeddable":true,"href":"https:\/\/www.sportechange.com\/en\/wp-json\/wp\/v2\/product_tag?post=88206"}],"curies":[{"name":"wp","href":"https:\/\/api.w.org\/{rel}","templated":true}]}}