{"id":87994,"date":"2026-04-29T16:16:38","date_gmt":"2026-04-29T20:16:38","guid":{"rendered":"https:\/\/www.sportechange.com\/?post_type=product&#038;p=87994"},"modified":"2026-04-29T16:17:57","modified_gmt":"2026-04-29T20:17:57","slug":"arkel-orca-2-panniers-12-5l-x-2-copie","status":"publish","type":"product","link":"https:\/\/www.sportechange.com\/en\/product\/arkel-orca-2-panniers-12-5l-x-2-copie\/","title":{"rendered":"ARKEL ORCA 2 PANNIERS - 17.5L X 2"},"content":{"rendered":"<p>- Construction soud\u00e9e 100% imperm\u00e9able<br \/>\n- Se tient debout tout seul pour rouler et d\u00e9rouler facilement<br \/>\n- Tissu 1000D TPU super r\u00e9sistant et robuste<br \/>\n- Syst\u00e8me de fixation Cam-Lock\u00ae solide comme le roc et fiable<br \/>\n- Compartiment spacieux avec organisateur et section inf\u00e9rieure renforc\u00e9e<br \/>\n- Logos r\u00e9fl\u00e9chissants et supports de lumi\u00e8re lat\u00e9raux<br \/>\n- Organisateur interne<br \/>\n- Design de fermeture enroulable lat\u00e9rale ou sup\u00e9rieure en poign\u00e9e<br \/>\n- Fond et bords inf\u00e9rieurs renforc\u00e9s<br \/>\n- 2 positions de crochet arri\u00e8re pour une meilleure compatibilit\u00e9 avec les diff\u00e9rents porte-bagages<br \/>\n- Bandouli\u00e8re compacte incluse<br \/>\n- R\u00e9parable et pi\u00e8ces de services disponible<br \/>\n- Assembl\u00e9 et design fait au Canada<\/p>\n","protected":false},"excerpt":{"rendered":"<p>The Orca 2 waterproof panniers are the perfect companions for cycle touring, bikepacking, and daily commuting. Constructed from durable TPU fabric with radio-frequency welded seams for 100% waterproof protection, they feature the reliable Cam-Lock\u00ae mounting system for a secure, quick-release fit. Available in 25 L, 35 L, or 45 L sizes, these versatile panniers stand upright on their own for easy packing and include reinforced bottoms, an internal organizer, and reflective logos for safety. Made with PFAS-free materials and backed by a lifetime warranty.<\/p>\n","protected":false},"featured_media":87989,"template":"","meta":{"_monsterinsights_skip_tracking":false,"_monsterinsights_sitenote_active":false,"_monsterinsights_sitenote_note":"","_monsterinsights_sitenote_category":0},"product_brand":[],"product_cat":[1461],"product_tag":[],"class_list":{"0":"post-87994","1":"product","2":"type-product","3":"status-publish","4":"has-post-thumbnail","6":"product_cat-bags-and-carriers","7":"has-post-title","8":"has-post-date","9":"has-post-category","10":"has-post-tag","11":"has-post-comment","12":"has-post-author","13":"","15":"first","16":"outofstock","17":"taxable","18":"shipping-taxable","19":"product-type-simple"},"aioseo_notices":[],"_links":{"self":[{"href":"https:\/\/www.sportechange.com\/en\/wp-json\/wp\/v2\/product\/87994","targetHints":{"allow":["GET"]}}],"collection":[{"href":"https:\/\/www.sportechange.com\/en\/wp-json\/wp\/v2\/product"}],"about":[{"href":"https:\/\/www.sportechange.com\/en\/wp-json\/wp\/v2\/types\/product"}],"wp:featuredmedia":[{"embeddable":true,"href":"https:\/\/www.sportechange.com\/en\/wp-json\/wp\/v2\/media\/87989"}],"wp:attachment":[{"href":"https:\/\/www.sportechange.com\/en\/wp-json\/wp\/v2\/media?parent=87994"}],"wp:term":[{"taxonomy":"product_brand","embeddable":true,"href":"https:\/\/www.sportechange.com\/en\/wp-json\/wp\/v2\/product_brand?post=87994"},{"taxonomy":"product_cat","embeddable":true,"href":"https:\/\/www.sportechange.com\/en\/wp-json\/wp\/v2\/product_cat?post=87994"},{"taxonomy":"product_tag","embeddable":true,"href":"https:\/\/www.sportechange.com\/en\/wp-json\/wp\/v2\/product_tag?post=87994"}],"curies":[{"name":"wp","href":"https:\/\/api.w.org\/{rel}","templated":true}]}}