{"id":86199,"date":"2025-10-21T11:49:16","date_gmt":"2025-10-21T15:49:16","guid":{"rendered":"https:\/\/www.sportechange.com\/product\/smith-squad-mag\/"},"modified":"2025-10-21T11:49:16","modified_gmt":"2025-10-21T15:49:16","slug":"smith-squad-mag","status":"publish","type":"product","link":"https:\/\/www.sportechange.com\/en\/product\/smith-squad-mag\/","title":{"rendered":"SMITH SQUAD MAG"},"content":{"rendered":"<p>Vision :<\/p>\n<p>- Carbonic-x cylindrical lens combining clarity and impact resistance, with integrated Airflow technology for active air circulation<\/p>\n<p>- 5X\u2122 inner lens with exceptional anti-fog performance<\/p>\n<p>- ChromaPop\u2122 lenses enhance contrast and natural colors to bring out details<\/p>\n<p>- SMITH's MAG\u2122 magnetic system allows you to change screens in the blink of an eye.<\/p>\n<p>- Protects against 100% of UVA\/UVB rays<\/p>\n<p>Adjustment\/integration:<\/p>\n<p>- Designed to integrate seamlessly with SMITH helmets for optimal comfort, excellent ventilation, and anti-fog protection<\/p>\n<p>- The QuickFit headband adjustment system makes it easy to adjust the mask to fit your head<\/p>\n<p>- Ultra-wide headband that stays in place thanks to its silicone backing<\/p>\n<p>- DriWix three-layer face foam wicks away moisture to prevent fogging<\/p>\n<p>- The Responsive Fit\u2122 frame comfortably hugs the contours of the face<\/p>\n<p>What's Included :<\/p>\n<p>- Includes two lenses: ChromaPop Pro PhotoChromic Gold Mirror (installed) and bonus ChromaPop Storm Blue Sensor Mirror for low light conditions<\/p>\n<p>- Microfiber mask cover with a compartment for a replacement screen<\/p>\n","protected":false},"excerpt":{"rendered":"<p>Le Squad MAG\u2122 de SMITH allie la simplicit\u00e9 de l\u2019in\u00e9galable syst\u00e8me interchangeable MAG\u2122 de SMITH, et la demi-monture embl\u00e9matique du Squad. Le syst\u00e8me MAG\u2122 est dot\u00e9 de six points de contact magn\u00e9tiques et deux m\u00e9canismes de verrouillage. Une simple pression sur le levier lib\u00e8re l\u2019\u00e9cran cylindrique pour changer de verre en un clin d\u2019\u0153il \u00e0 tout moment. Le Squad MAG\u2122 est fourni avec deux verres performance ChromaPop\u2122 interchangeables, afin de vous garantir une clart\u00e9 et un niveau de d\u00e9tail in\u00e9gal\u00e9s en montagne, que la luminosit\u00e9 soit forte ou faible. La nettet\u00e9 optique est encore rehauss\u00e9e par l\u2019int\u00e9gration de notre technologie antibu\u00e9e AirEvac\u2122, tandis que la mousse faciale \u00e0 trois couches DriWix garantit confort et ajustement. Adaptez-vous facilement \u00e0 toutes les conditions avec le nouveau masque Squad MAG\u2122.The SMITH Squad MAG\u2122 combines the simplicity of SMITH's unrivaled MAG\u2122 interchangeable system with the iconic half-frame design of the Squad. The MAG\u2122 system features six magnetic contact points and two locking mechanisms. A simple press of the lever releases the cylindrical lens for quick lens changes at any time. The Squad MAG\u2122 comes with two interchangeable ChromaPop\u2122 performance lenses to ensure unmatched clarity and detail in the mountains, whether in bright or low light conditions. Optical clarity is further enhanced by the integration of our AirEvac\u2122 anti-fog technology, while the three-layer DriWix face foam ensures comfort and fit. Easily adapt to all conditions with the new Squad MAG\u2122 goggle.<\/p>\n","protected":false},"featured_media":85853,"template":"","meta":{"_monsterinsights_skip_tracking":false,"_monsterinsights_sitenote_active":false,"_monsterinsights_sitenote_note":"","_monsterinsights_sitenote_category":0},"product_brand":[1749],"product_cat":[534],"product_tag":[1661],"class_list":{"0":"post-86199","1":"product","2":"type-product","3":"status-publish","4":"has-post-thumbnail","6":"product_brand-smith","7":"product_cat-goggles","8":"product_tag-2025-2026-en","9":"pa_couleur-color-blue-en","10":"pa_couleur-color-gold","11":"pa_couleur-color-orange-en","12":"pa_couleur-color-pink","13":"has-post-title","14":"has-post-date","15":"has-post-category","16":"has-post-tag","17":"has-post-comment","18":"has-post-author","19":"","21":"first","22":"instock","23":"taxable","24":"shipping-taxable","25":"purchasable","26":"product-type-variable"},"aioseo_notices":[],"_links":{"self":[{"href":"https:\/\/www.sportechange.com\/en\/wp-json\/wp\/v2\/product\/86199","targetHints":{"allow":["GET"]}}],"collection":[{"href":"https:\/\/www.sportechange.com\/en\/wp-json\/wp\/v2\/product"}],"about":[{"href":"https:\/\/www.sportechange.com\/en\/wp-json\/wp\/v2\/types\/product"}],"wp:featuredmedia":[{"embeddable":true,"href":"https:\/\/www.sportechange.com\/en\/wp-json\/wp\/v2\/media\/85853"}],"wp:attachment":[{"href":"https:\/\/www.sportechange.com\/en\/wp-json\/wp\/v2\/media?parent=86199"}],"wp:term":[{"taxonomy":"product_brand","embeddable":true,"href":"https:\/\/www.sportechange.com\/en\/wp-json\/wp\/v2\/product_brand?post=86199"},{"taxonomy":"product_cat","embeddable":true,"href":"https:\/\/www.sportechange.com\/en\/wp-json\/wp\/v2\/product_cat?post=86199"},{"taxonomy":"product_tag","embeddable":true,"href":"https:\/\/www.sportechange.com\/en\/wp-json\/wp\/v2\/product_tag?post=86199"}],"curies":[{"name":"wp","href":"https:\/\/api.w.org\/{rel}","templated":true}]}}