{"id":85079,"date":"2025-10-03T14:52:24","date_gmt":"2025-10-03T18:52:24","guid":{"rendered":"https:\/\/www.sportechange.com\/product\/volkl-shine-72-w-vmotion-10\/"},"modified":"2025-12-17T12:13:24","modified_gmt":"2025-12-17T17:13:24","slug":"volkl-shine-72-w-vmotion-10","status":"publish","type":"product","link":"https:\/\/www.sportechange.com\/en\/product\/volkl-shine-72-w-vmotion-10\/","title":{"rendered":"VOLKL SHINE 72 W + VMOTION 10"},"content":{"rendered":"<p>SPATULA WIDTH<br \/>\n123 mm<\/p>\n<p>BASE WIDTH<br \/>\n104 mm<\/p>\n<p>CORE<br \/>\nComposite core<\/p>\n<p>AGE<br \/>\nAdult<\/p>\n<p>PRE-MOUNTED BINDING PLATE<br \/>\nYes<\/p>\n<p>BINDING INTERFACE<br \/>\nVMOTION<\/p>\n<p>COMPOSITE CORE:<\/p>\n<p>Synthetic PU core with soft flex, ideal for light beginners and young riders.<\/p>\n<p>CENTER SIDEWALL:<\/p>\n<p>Thanks to the partial sidewall structure in the center of the ski combined with the ultra-flat 3D.Ridge construction, power transmission is strong and direct.<\/p>\n<p>P-TEX 2100 BASE:<\/p>\n<p>High-density, high-molecular-weight sintered polyethylene base offering high resistance and exceptional glide.<\/p>\n<p>ZEBRA STRUCTURE:<br \/>\nEngineered for ultimate on-piste precision, Zebra Structure features a deep, high-definition base pattern tailored to narrower, system-mounted skis. This aggressive structure delivers lightning-fast, reliable turn initiation and smooth, controlled drifting for maximum carving performance.<\/p>\n<p>SERIAL FINISH:<br \/>\nStraight from the factory to the mountain, Serial Finish ensures every ski is perfectly tuned for immediate performance. This precision-crafted surface treatment maximizes glide, sharpens turn initiation, and eliminates the need for additional prep work.<\/p>\n<p>TIP ROCKER: The ski is only curved upward at the tip, while the waist and tail of the ski are cambered.<\/p>\n<p>ENTI\u00c8REMENT STRUCTUR\u00c9ES :<br \/>\nDe la spatule au talon, les semelles enti\u00e8rement structur\u00e9es pr\u00e9sentent un motif continu \u00e0 haute traction qui amplifie la vitesse, l'adh\u00e9rence des carres et le contr\u00f4le. Con\u00e7ues pour les skieurs qui exigent une polyvalence dans toutes les conditions et une r\u00e9activit\u00e9 inspir\u00e9e de la course.<\/p>\n","protected":false},"excerpt":{"rendered":"<p>The joy a beginner skier feels when hurtling down the slopes is exactly the same as that experienced by a professional when hurtling down steep slopes, and the Shine 72 takes this reality into account. With a width of 72 mm underfoot, the Shine 72 is a beginner ski focused on maneuverability and support. The rocker at the front not only allows for smooth turn initiation, but also makes it easier to drift, slide, and pivot as the skier masters their downhill techniques. The composite core provides a soft and fluid flex, while the center edge reduces weight while maintaining stability in the middle of the ski. For added comfort, the vMotion1 binding provides a comfortable connection to the snow and is compatible with GripWalk soles, a rubber sole found on or added to many boots that makes walking easier and more enjoyable. The Shine 72 is the perfect companion to start a long love affair with skiing.<\/p>\n","protected":false},"featured_media":85041,"template":"","meta":{"_monsterinsights_skip_tracking":false,"_monsterinsights_sitenote_active":false,"_monsterinsights_sitenote_note":"","_monsterinsights_sitenote_category":0},"product_brand":[1550],"product_cat":[386],"product_tag":[1661],"class_list":{"0":"post-85079","1":"product","2":"type-product","3":"status-publish","4":"has-post-thumbnail","6":"product_brand-volkl","7":"product_cat-alpine-skis","8":"product_tag-2025-2026-en","9":"product_shipping_class-oversized-item","10":"pa_grandeur-skis-144-cm-en","11":"pa_grandeur-skis-151-cm-en","12":"pa_grandeur-skis-158-cm-en","13":"pa_grandeur-skis-165-cm-en","14":"has-post-title","15":"has-post-date","16":"has-post-category","17":"has-post-tag","18":"has-post-comment","19":"has-post-author","20":"","22":"first","23":"instock","24":"taxable","25":"shipping-taxable","26":"purchasable","27":"product-type-variable"},"aioseo_notices":[],"_links":{"self":[{"href":"https:\/\/www.sportechange.com\/en\/wp-json\/wp\/v2\/product\/85079","targetHints":{"allow":["GET"]}}],"collection":[{"href":"https:\/\/www.sportechange.com\/en\/wp-json\/wp\/v2\/product"}],"about":[{"href":"https:\/\/www.sportechange.com\/en\/wp-json\/wp\/v2\/types\/product"}],"wp:featuredmedia":[{"embeddable":true,"href":"https:\/\/www.sportechange.com\/en\/wp-json\/wp\/v2\/media\/85041"}],"wp:attachment":[{"href":"https:\/\/www.sportechange.com\/en\/wp-json\/wp\/v2\/media?parent=85079"}],"wp:term":[{"taxonomy":"product_brand","embeddable":true,"href":"https:\/\/www.sportechange.com\/en\/wp-json\/wp\/v2\/product_brand?post=85079"},{"taxonomy":"product_cat","embeddable":true,"href":"https:\/\/www.sportechange.com\/en\/wp-json\/wp\/v2\/product_cat?post=85079"},{"taxonomy":"product_tag","embeddable":true,"href":"https:\/\/www.sportechange.com\/en\/wp-json\/wp\/v2\/product_tag?post=85079"}],"curies":[{"name":"wp","href":"https:\/\/api.w.org\/{rel}","templated":true}]}}