{"id":84364,"date":"2025-09-25T13:40:30","date_gmt":"2025-09-25T17:40:30","guid":{"rendered":"https:\/\/www.sportechange.com\/product\/salomon-sense-80-gw\/"},"modified":"2025-09-25T13:40:30","modified_gmt":"2025-09-25T17:40:30","slug":"salomon-sense-80-gw","status":"publish","type":"product","link":"https:\/\/www.sportechange.com\/en\/product\/salomon-sense-80-gw\/","title":{"rendered":"SALOMON SENSE 80 GW"},"content":{"rendered":"<p>Ideal for All-Mountain, Beginner<\/p>\n<p>Stiffness: Flexible<\/p>\n<p>Boot width: Wide<\/p>\n<p>Weight: 1590 g (Per pair: 3180 g)<\/p>\n<p>Skill level: Beginner<\/p>\n<p>BOOT CUP<br \/>\nPolyolefin: A more durable material that is both stable and lightweight.<\/p>\n<p>COLLAR<br \/>\nPolyolefin: A more durable material that is also lighter and more stable.<br \/>\n3-position calf adjustment: The rear calf adjustment wedge offers an 11 mm wider perimeter and 4 mm increased height, with three adjustment positions (universal, narrow, and wide) for more adjustment options.<\/p>\n<p>LINER<br \/>\nMy Instant Fit Comfort: This new anatomically constructed liner increases your comfort while keeping your feet warm. The elastic sides of this Autostretch liner ensure a perfect fit to the shape of your calf.<\/p>\n<p>STRAP<br \/>\n35 mm riveted Velcro\u00ae<\/p>\n<p>TOE CAPS<br \/>\nPre-mounted GripWalk ISO 23223 toe caps: The specific shape of the pre-mounted GripWalk toe caps improves walking comfort and grip in all conditions.<\/p>\n<p>ADJUSTMENT<br \/>\nRiveted collar alignment pivot: The adjustable collar pivot facilitates adjustment when aligning the leg and boot for optimal gliding and edge control.<\/p>\n<p>FASTENING<br \/>\n2 screw-in aluminum hooks: Both hooks are easy to unscrew for repairs or customization.<br \/>\n1 screw-in Smartwrap: Located on the bottom of the boot shell, the<\/p>\n<p>SMARTWRAP feature offers skiers simplified and precise fastening for unmatched fit and comfort.<\/p>\n<p>LINER CONSTRUCTION<br \/>\nAutostretch collar: The anatomically designed liner provides greater comfort and warmth. The elastic sides of this Autostretch liner adjust perfectly to the shape of your calf.<\/p>\n<p>INSOLE<br \/>\nUltra-flexible insole: The completely flat insole is soft thanks to its layer of soft, comfortable foam.<\/p>\n","protected":false},"excerpt":{"rendered":"<p>D\u00e9couvrez un confort instantan\u00e9 avec la chaussure Sense 80 de Salomon. Dot\u00e9e du nouveau syst\u00e8me de fermeture Smartwrap, qui associe des technologies de c\u00e2ble et de boucles, cette chaussure permettent un chaussage ais\u00e9 et offrent des options de r\u00e9glage simples. Avec son r\u00e9glage au niveau du mollet \u00e0 trois positions et une conception ax\u00e9e sur une utilisation ais\u00e9e, elle garantit un fit parfait \u00e0 chaque utilisation pour vous permettre de profiter \u00e0 fond de chaque aventure.<\/p>\n","protected":false},"featured_media":84353,"template":"","meta":{"_monsterinsights_skip_tracking":false,"_monsterinsights_sitenote_active":false,"_monsterinsights_sitenote_note":"","_monsterinsights_sitenote_category":0},"product_brand":[],"product_cat":[42],"product_tag":[1661],"class_list":{"0":"post-84364","1":"product","2":"type-product","3":"status-publish","4":"has-post-thumbnail","6":"product_cat-boots-downhill-ski","7":"product_tag-2025-2026-en","8":"pa_pointure-cm-26-5","9":"pa_pointure-cm-27-5","10":"pa_pointure-cm-28-5","11":"pa_pointure-cm-29-5","12":"has-post-title","13":"has-post-date","14":"has-post-category","15":"has-post-tag","16":"has-post-comment","17":"has-post-author","18":"","20":"first","21":"instock","22":"taxable","23":"shipping-taxable","24":"purchasable","25":"product-type-variable"},"aioseo_notices":[],"_links":{"self":[{"href":"https:\/\/www.sportechange.com\/en\/wp-json\/wp\/v2\/product\/84364","targetHints":{"allow":["GET"]}}],"collection":[{"href":"https:\/\/www.sportechange.com\/en\/wp-json\/wp\/v2\/product"}],"about":[{"href":"https:\/\/www.sportechange.com\/en\/wp-json\/wp\/v2\/types\/product"}],"wp:featuredmedia":[{"embeddable":true,"href":"https:\/\/www.sportechange.com\/en\/wp-json\/wp\/v2\/media\/84353"}],"wp:attachment":[{"href":"https:\/\/www.sportechange.com\/en\/wp-json\/wp\/v2\/media?parent=84364"}],"wp:term":[{"taxonomy":"product_brand","embeddable":true,"href":"https:\/\/www.sportechange.com\/en\/wp-json\/wp\/v2\/product_brand?post=84364"},{"taxonomy":"product_cat","embeddable":true,"href":"https:\/\/www.sportechange.com\/en\/wp-json\/wp\/v2\/product_cat?post=84364"},{"taxonomy":"product_tag","embeddable":true,"href":"https:\/\/www.sportechange.com\/en\/wp-json\/wp\/v2\/product_tag?post=84364"}],"curies":[{"name":"wp","href":"https:\/\/api.w.org\/{rel}","templated":true}]}}