{"id":83962,"date":"2025-09-17T13:45:55","date_gmt":"2025-09-17T17:45:55","guid":{"rendered":"https:\/\/www.sportechange.com\/product\/gnu-gremlin\/"},"modified":"2025-09-17T13:45:55","modified_gmt":"2025-09-17T17:45:55","slug":"gnu-gremlin","status":"publish","type":"product","link":"https:\/\/www.sportechange.com\/en\/product\/gnu-gremlin\/","title":{"rendered":"GNU GREMLIN"},"content":{"rendered":"<p>Conquer every mountain.<\/p>\n<p>Loves powder, devours hard snow and ice.<\/p>\n<p>Camber, Magne-Traction\u00ae, sintered, self-centered.<\/p>\n<p>Moderate volume. Choose this board 2 cm shorter than your usual board.<\/p>\n<p>Illustration: Gnu Gift Shop @gnusnowboards<\/p>\n<p><a href=\"https:\/\/cad.gnu.com\/gremlin\" target=\"_blank\" rel=\"noopener\">INFO +<\/a><\/p>\n","protected":false},"excerpt":{"rendered":"<p>ALL MOUNTAIN \/ DIRECTIONAL SHAPE<\/p>\n<p>Le Gremlin. Une planche unique pour les snowboardeurs confirm\u00e9s qui veulent attirer davantage l'attention sur les remont\u00e9es m\u00e9caniques et dans les bars. Son nez flottant renifle la poudreuse, son cambre surplombe les skieurs et les cordes. Sa semelle fritt\u00e9e raye les rochers et \u00e9crase ceux qui ne savaient pas que vous faisiez la course avec eux jusqu'en bas. Le seul snowboard au monde qui dit la v\u00e9rit\u00e9... les mensonges sont difficiles \u00e0 retenir quand le feu br\u00fble. Une excellente id\u00e9e qui aurait toujours d\u00fb exister... Procurez-vous un Gremlin !<\/p>\n","protected":false},"featured_media":83917,"template":"","meta":{"_monsterinsights_skip_tracking":false,"_monsterinsights_sitenote_active":false,"_monsterinsights_sitenote_note":"","_monsterinsights_sitenote_category":0},"product_brand":[],"product_cat":[416],"product_tag":[1661],"class_list":{"0":"post-83962","1":"product","2":"type-product","3":"status-publish","4":"has-post-thumbnail","6":"product_cat-boards","7":"product_tag-2025-2026-en","8":"product_shipping_class-oversized-item","9":"pa_grandeur-board-152-cm-en","10":"pa_grandeur-board-155-cm-en","11":"pa_grandeur-board-158-cm-en","12":"has-post-title","13":"has-post-date","14":"has-post-category","15":"has-post-tag","16":"has-post-comment","17":"has-post-author","18":"","20":"first","21":"instock","22":"taxable","23":"shipping-taxable","24":"purchasable","25":"product-type-variable"},"aioseo_notices":[],"_links":{"self":[{"href":"https:\/\/www.sportechange.com\/en\/wp-json\/wp\/v2\/product\/83962","targetHints":{"allow":["GET"]}}],"collection":[{"href":"https:\/\/www.sportechange.com\/en\/wp-json\/wp\/v2\/product"}],"about":[{"href":"https:\/\/www.sportechange.com\/en\/wp-json\/wp\/v2\/types\/product"}],"wp:featuredmedia":[{"embeddable":true,"href":"https:\/\/www.sportechange.com\/en\/wp-json\/wp\/v2\/media\/83917"}],"wp:attachment":[{"href":"https:\/\/www.sportechange.com\/en\/wp-json\/wp\/v2\/media?parent=83962"}],"wp:term":[{"taxonomy":"product_brand","embeddable":true,"href":"https:\/\/www.sportechange.com\/en\/wp-json\/wp\/v2\/product_brand?post=83962"},{"taxonomy":"product_cat","embeddable":true,"href":"https:\/\/www.sportechange.com\/en\/wp-json\/wp\/v2\/product_cat?post=83962"},{"taxonomy":"product_tag","embeddable":true,"href":"https:\/\/www.sportechange.com\/en\/wp-json\/wp\/v2\/product_tag?post=83962"}],"curies":[{"name":"wp","href":"https:\/\/api.w.org\/{rel}","templated":true}]}}