{"id":83838,"date":"2025-09-08T10:58:49","date_gmt":"2025-09-08T14:58:49","guid":{"rendered":"https:\/\/www.sportechange.com\/product\/k2-bfc-100\/"},"modified":"2025-09-08T11:02:16","modified_gmt":"2025-09-08T15:02:16","slug":"k2-bfc-100","status":"publish","type":"product","link":"https:\/\/www.sportechange.com\/en\/product\/k2-bfc-100\/","title":{"rendered":"K2 BFC 100"},"content":{"rendered":"<p>Ability<br \/>\nIntermediate<\/p>\n<p>Category<br \/>\nAll Mountain, Comfort, 2 Piece<\/p>\n<p>Gender<br \/>\nMen's<\/p>\n<p>Product Weight<br \/>\n2, 045g @ 26.5<\/p>\n<p>Ski Boot Cuff Material<br \/>\nPP<\/p>\n<p>Ski Boot Flex Rating<br \/>\n100<\/p>\n<p>Ski Boot Liner<br \/>\nCushfit Plus<\/p>\n<p>Ski Boot Outsole<br \/>\nGripWalk<\/p>\n<p>Ski Boot Shell<br \/>\nTPU<\/p>\n<p>Ski Boot Strap<br \/>\n40mm Velcro<\/p>\n<p>Ski Boot Volume<br \/>\nHigh<\/p>\n<p>Width<br \/>\n103mm<\/p>\n<p>Best For : Freestyle, Park, Piste<\/p>\n","protected":false},"excerpt":{"rendered":"<p>Con\u00e7ue pour offrir un confort tout au long de la journ\u00e9e, la K2 BFC 100 offre une coupe d\u00e9contract\u00e9e et un flex souple de 100 pour les skieurs qui privil\u00e9gient la facilit\u00e9 d'utilisation sans compromettre les performances.<\/p>\n","protected":false},"featured_media":83758,"template":"","meta":{"_monsterinsights_skip_tracking":false,"_monsterinsights_sitenote_active":false,"_monsterinsights_sitenote_note":"","_monsterinsights_sitenote_category":0},"product_brand":[],"product_cat":[42],"product_tag":[1661],"class_list":{"0":"post-83838","1":"product","2":"type-product","3":"status-publish","4":"has-post-thumbnail","6":"product_cat-boots-downhill-ski","7":"product_tag-2025-2026-en","8":"pa_pointure-cm-26-5","9":"pa_pointure-cm-27-5","10":"pa_pointure-cm-28-5","11":"has-post-title","12":"has-post-date","13":"has-post-category","14":"has-post-tag","15":"has-post-comment","16":"has-post-author","17":"","19":"first","20":"instock","21":"taxable","22":"shipping-taxable","23":"purchasable","24":"product-type-variable"},"aioseo_notices":[],"_links":{"self":[{"href":"https:\/\/www.sportechange.com\/en\/wp-json\/wp\/v2\/product\/83838","targetHints":{"allow":["GET"]}}],"collection":[{"href":"https:\/\/www.sportechange.com\/en\/wp-json\/wp\/v2\/product"}],"about":[{"href":"https:\/\/www.sportechange.com\/en\/wp-json\/wp\/v2\/types\/product"}],"wp:featuredmedia":[{"embeddable":true,"href":"https:\/\/www.sportechange.com\/en\/wp-json\/wp\/v2\/media\/83758"}],"wp:attachment":[{"href":"https:\/\/www.sportechange.com\/en\/wp-json\/wp\/v2\/media?parent=83838"}],"wp:term":[{"taxonomy":"product_brand","embeddable":true,"href":"https:\/\/www.sportechange.com\/en\/wp-json\/wp\/v2\/product_brand?post=83838"},{"taxonomy":"product_cat","embeddable":true,"href":"https:\/\/www.sportechange.com\/en\/wp-json\/wp\/v2\/product_cat?post=83838"},{"taxonomy":"product_tag","embeddable":true,"href":"https:\/\/www.sportechange.com\/en\/wp-json\/wp\/v2\/product_tag?post=83838"}],"curies":[{"name":"wp","href":"https:\/\/api.w.org\/{rel}","templated":true}]}}