{"id":83187,"date":"2025-07-07T14:03:43","date_gmt":"2025-07-07T18:03:43","guid":{"rendered":"https:\/\/www.sportechange.com\/product\/continental-grand-prix-5000-s-tr\/"},"modified":"2025-07-07T14:03:43","modified_gmt":"2025-07-07T18:03:43","slug":"continental-grand-prix-5000-s-tr","status":"publish","type":"product","link":"https:\/\/www.sportechange.com\/en\/product\/continental-grand-prix-5000-s-tr\/","title":{"rendered":"CONTINENTAL GRAND PRIX 5000 S TR"},"content":{"rendered":"<p>Plus l\u00e9ger, plus rapide et plus r\u00e9sistant, Continental a encore am\u00e9lior\u00e9 l'un de ses meilleurs pneus de route. Le GP 5000 est r\u00e9put\u00e9 pour sa faible r\u00e9sistance au roulement, son excellente adh\u00e9rence sur sol mouill\u00e9 et sa protection optimale contre les crevaisons. La version S utilise un compos\u00e9 \u00e0 3 plis, contre 4 plis pour la version AS, ce qui vous permet de gagner quelques grammes lorsque vous avez besoin de toute l'aide possible.<\/p>\n<p>- Le compos\u00e9 de caoutchouc BlackChili offre une excellente adh\u00e9rence, vitesse et durabilit\u00e9.<\/p>\n<p>- Le profil textur\u00e9 Lazer Grip augmente l'adh\u00e9rence dans les virages.<\/p>\n<p>- La technologie Active Comfort aide \u00e0 disperser les vibrations courantes avec les pneus \u00e0 faible TPI, offrant une conduite plus douce.<\/p>\n<p>- La couche de protection en Vectran offre une excellente protection contre les crevaisons et les d\u00e9chirures pour un poids r\u00e9duit.<\/p>\n<p>- La compatibilit\u00e9 tubeless vous offre plus d'options.<\/p>\n","protected":false},"excerpt":{"rendered":"<p>Poids 280 g (28 mm)<\/p>\n<p>Id\u00e9al pour : Cyclisme sur route<\/p>\n<p>Type de pneu : Tubeless<\/p>\n<p>Talon : Fil m\u00e9tallique<\/p>\n<p>Position de la roueArri\u00e8reAvant<\/p>\n<p>Taille du pneu 700 X 30 (30 mm)<\/p>\n<p>ETRTO 30-622<\/p>\n<p>Fabriqu\u00e9 en Allemagne<\/p>\n","protected":false},"featured_media":83185,"template":"","meta":{"_monsterinsights_skip_tracking":false,"_monsterinsights_sitenote_active":false,"_monsterinsights_sitenote_note":"","_monsterinsights_sitenote_category":0},"product_brand":[],"product_cat":[317],"product_tag":[],"class_list":{"0":"post-83187","1":"product","2":"type-product","3":"status-publish","4":"has-post-thumbnail","6":"product_cat-tires-wheels-and-pumps","7":"has-post-title","8":"has-post-date","9":"has-post-category","10":"has-post-tag","11":"has-post-comment","12":"has-post-author","13":"","15":"first","16":"instock","17":"taxable","18":"shipping-taxable","19":"purchasable","20":"product-type-variable"},"aioseo_notices":[],"_links":{"self":[{"href":"https:\/\/www.sportechange.com\/en\/wp-json\/wp\/v2\/product\/83187","targetHints":{"allow":["GET"]}}],"collection":[{"href":"https:\/\/www.sportechange.com\/en\/wp-json\/wp\/v2\/product"}],"about":[{"href":"https:\/\/www.sportechange.com\/en\/wp-json\/wp\/v2\/types\/product"}],"wp:featuredmedia":[{"embeddable":true,"href":"https:\/\/www.sportechange.com\/en\/wp-json\/wp\/v2\/media\/83185"}],"wp:attachment":[{"href":"https:\/\/www.sportechange.com\/en\/wp-json\/wp\/v2\/media?parent=83187"}],"wp:term":[{"taxonomy":"product_brand","embeddable":true,"href":"https:\/\/www.sportechange.com\/en\/wp-json\/wp\/v2\/product_brand?post=83187"},{"taxonomy":"product_cat","embeddable":true,"href":"https:\/\/www.sportechange.com\/en\/wp-json\/wp\/v2\/product_cat?post=83187"},{"taxonomy":"product_tag","embeddable":true,"href":"https:\/\/www.sportechange.com\/en\/wp-json\/wp\/v2\/product_tag?post=83187"}],"curies":[{"name":"wp","href":"https:\/\/api.w.org\/{rel}","templated":true}]}}