{"id":82065,"date":"2025-04-29T13:38:46","date_gmt":"2025-04-29T17:38:46","guid":{"rendered":"https:\/\/www.sportechange.com\/product\/skratch-labs-melange-pour-la-recuperation\/"},"modified":"2025-04-29T13:38:46","modified_gmt":"2025-04-29T17:38:46","slug":"skratch-labs-melange-pour-la-recuperation","status":"publish","type":"product","link":"https:\/\/www.sportechange.com\/en\/product\/skratch-labs-melange-pour-la-recuperation\/","title":{"rendered":"SKRATCH LABS - M\u00c9LANGE POUR LA R\u00c9CUP\u00c9RATION"},"content":{"rendered":"<p>- Refuel and rebuild: Provides a 4:1 carbohydrate-to-protein ratio that accelerates recovery faster than carbohydrates or protein alone.<\/p>\n<p>- Rehydrates: An electrolyte profile that matches what's lost in sweat for better hydration.<\/p>\n<p>How to use:<br \/>\nStart by adding two scoops to 12-16 fl oz of water and shake. Drink immediately after training as a bridge to your next real meal.<\/p>\n<p>non-GMO, kosher, vegetarian, gluten-free, soy-free, rBGH-free<\/p>\n<p>+Probiotic BC30: 1 billion active cultures per serving. BC30 promotes a healthy digestive and immune system and improves protein utilization. Not all probiotic strains are the same - BC30 delivers live cells 10 times more efficiently than common probiotic yogurts.<\/p>\n","protected":false},"excerpt":{"rendered":"<p>When it comes to recovery, timing is everything. So when athletes need something convenient to eat and drink immediately after emptying the tank, our Recovery Sports Drink Mix is an easy choice. It provides the carbohydrates, proteins, electrolytes and taste needed to refuel, rehydrate and rebuild quickly after long, hard endurance training sessions.<\/p>\n<p>&nbsp;<\/p>\n<p><a href=\"https:\/\/www.sportechange.com\/wp-content\/uploads\/2025\/02\/Untitled-1-1.png\"><img loading=\"lazy\" decoding=\"async\" class=\"alignleft size-medium wp-image-80815\" src=\"https:\/\/www.sportechange.com\/wp-content\/uploads\/2025\/02\/Untitled-1-1-300x55.png\" alt=\"\" width=\"300\" height=\"55\" srcset=\"https:\/\/www.sportechange.com\/wp-content\/uploads\/2025\/02\/Untitled-1-1-300x55.png 300w, https:\/\/www.sportechange.com\/wp-content\/uploads\/2025\/02\/Untitled-1-1-1024x187.png 1024w, https:\/\/www.sportechange.com\/wp-content\/uploads\/2025\/02\/Untitled-1-1-768x141.png 768w, https:\/\/www.sportechange.com\/wp-content\/uploads\/2025\/02\/Untitled-1-1-500x92.png 500w, https:\/\/www.sportechange.com\/wp-content\/uploads\/2025\/02\/Untitled-1-1-600x110.png 600w, https:\/\/www.sportechange.com\/wp-content\/uploads\/2025\/02\/Untitled-1-1.png 1491w\" sizes=\"auto, (max-width: 300px) 100vw, 300px\" \/><\/a><\/p>\n","protected":false},"featured_media":82054,"template":"","meta":{"_monsterinsights_skip_tracking":false,"_monsterinsights_sitenote_active":false,"_monsterinsights_sitenote_note":"","_monsterinsights_sitenote_category":0},"product_brand":[],"product_cat":[1589],"product_tag":[],"class_list":{"0":"post-82065","1":"product","2":"type-product","3":"status-publish","4":"has-post-thumbnail","6":"product_cat-nutrition-en","7":"has-post-title","8":"has-post-date","9":"has-post-category","10":"has-post-tag","11":"has-post-comment","12":"has-post-author","13":"","15":"first","16":"outofstock","17":"taxable","18":"shipping-taxable","19":"purchasable","20":"product-type-simple"},"aioseo_notices":[],"_links":{"self":[{"href":"https:\/\/www.sportechange.com\/en\/wp-json\/wp\/v2\/product\/82065","targetHints":{"allow":["GET"]}}],"collection":[{"href":"https:\/\/www.sportechange.com\/en\/wp-json\/wp\/v2\/product"}],"about":[{"href":"https:\/\/www.sportechange.com\/en\/wp-json\/wp\/v2\/types\/product"}],"wp:featuredmedia":[{"embeddable":true,"href":"https:\/\/www.sportechange.com\/en\/wp-json\/wp\/v2\/media\/82054"}],"wp:attachment":[{"href":"https:\/\/www.sportechange.com\/en\/wp-json\/wp\/v2\/media?parent=82065"}],"wp:term":[{"taxonomy":"product_brand","embeddable":true,"href":"https:\/\/www.sportechange.com\/en\/wp-json\/wp\/v2\/product_brand?post=82065"},{"taxonomy":"product_cat","embeddable":true,"href":"https:\/\/www.sportechange.com\/en\/wp-json\/wp\/v2\/product_cat?post=82065"},{"taxonomy":"product_tag","embeddable":true,"href":"https:\/\/www.sportechange.com\/en\/wp-json\/wp\/v2\/product_tag?post=82065"}],"curies":[{"name":"wp","href":"https:\/\/api.w.org\/{rel}","templated":true}]}}