{"id":80915,"date":"2025-03-10T11:28:42","date_gmt":"2025-03-10T15:28:42","guid":{"rendered":"https:\/\/www.sportechange.com\/product\/evo-grand-rapid-3\/"},"modified":"2025-03-10T11:28:42","modified_gmt":"2025-03-10T15:28:42","slug":"evo-grand-rapid-3","status":"publish","type":"product","link":"https:\/\/www.sportechange.com\/en\/product\/evo-grand-rapid-3\/","title":{"rendered":"EVO GRAND RAPID 3"},"content":{"rendered":"<table class=\"table seProductSpecTable\" data-ui=\"product-information-specifications\">\n<tbody>\n<tr>\n<th id=\"Spec__1\">Cadre<\/th>\n<td>Aluminium de la s\u00e9rie 6000 dessin\u00e9 sur mesure<\/td>\n<\/tr>\n<tr>\n<th id=\"Spec__3\">Roues<\/th>\n<td>Jantes en alliage 700c \u00e0 double paroi 32H, QR, roue libre \u00e0 l'arri\u00e8re<\/td>\n<\/tr>\n<tr>\n<th id=\"Spec__7\">Manettes de vitesse<\/th>\n<td>Shimano 3 x 7 vitesses<\/td>\n<\/tr>\n<tr>\n<th id=\"Spec__8\">D\u00e9railleur avant<\/th>\n<td>Tournoi Shimano<\/td>\n<\/tr>\n<tr>\n<th id=\"Spec__9\">D\u00e9railleur arri\u00e8re<\/th>\n<td>Tournoi Shimano<\/td>\n<\/tr>\n<tr>\n<th>P\u00e9dalier<\/th>\n<td>Roue pro<\/td>\n<\/tr>\n<tr>\n<th id=\"Spec__10\">Cassette<\/th>\n<td>13-32T<\/td>\n<\/tr>\n<tr>\n<th id=\"Spec__11\">Freins<\/th>\n<td>Frein \u00e0 traction lin\u00e9aire<\/td>\n<\/tr>\n<\/tbody>\n<\/table>\n","protected":false},"excerpt":{"rendered":"<p>- Transmission Microshift<br \/>\n- Frein \u00e0 traction lin\u00e9aire<br \/>\n- Cadre en alliage l\u00e9ger<br \/>\n- Pneus r\u00e9sistants aux crevaisons<br \/>\n- Taille du cadre : 20<br \/>\n- Diam\u00e8tre de la roue : 700C<\/p>\n<p><a href=\"https:\/\/maps.app.goo.gl\/bcfeagCkTUhH1caL9\"><img loading=\"lazy\" decoding=\"async\" class=\"alignleft wp-image-80813 size-medium\" src=\"https:\/\/www.sportechange.com\/wp-content\/uploads\/2025\/02\/Untitled-2-300x45.png\" alt=\"\" width=\"300\" height=\"45\" srcset=\"https:\/\/www.sportechange.com\/wp-content\/uploads\/2025\/02\/Untitled-2-300x45.png 300w, https:\/\/www.sportechange.com\/wp-content\/uploads\/2025\/02\/Untitled-2-1024x153.png 1024w, https:\/\/www.sportechange.com\/wp-content\/uploads\/2025\/02\/Untitled-2-768x114.png 768w, https:\/\/www.sportechange.com\/wp-content\/uploads\/2025\/02\/Untitled-2-1536x229.png 1536w, https:\/\/www.sportechange.com\/wp-content\/uploads\/2025\/02\/Untitled-2-500x74.png 500w, https:\/\/www.sportechange.com\/wp-content\/uploads\/2025\/02\/Untitled-2-600x89.png 600w, https:\/\/www.sportechange.com\/wp-content\/uploads\/2025\/02\/Untitled-2.png 1846w\" sizes=\"auto, (max-width: 300px) 100vw, 300px\" \/><\/a><\/p>\n","protected":false},"featured_media":64788,"template":"","meta":{"_monsterinsights_skip_tracking":false,"_monsterinsights_sitenote_active":false,"_monsterinsights_sitenote_note":"","_monsterinsights_sitenote_category":0},"product_brand":[],"product_cat":[1235,339],"product_tag":[],"class_list":{"0":"post-80915","1":"product","2":"type-product","3":"status-publish","4":"has-post-thumbnail","6":"product_cat-featured-products","7":"product_cat-urban-and-commuter-bikes","8":"product_shipping_class-heavy-item","9":"has-post-title","10":"has-post-date","11":"has-post-category","12":"has-post-tag","13":"has-post-comment","14":"has-post-author","15":"","17":"first","18":"outofstock","19":"taxable","20":"shipping-taxable","21":"purchasable","22":"product-type-simple"},"aioseo_notices":[],"_links":{"self":[{"href":"https:\/\/www.sportechange.com\/en\/wp-json\/wp\/v2\/product\/80915","targetHints":{"allow":["GET"]}}],"collection":[{"href":"https:\/\/www.sportechange.com\/en\/wp-json\/wp\/v2\/product"}],"about":[{"href":"https:\/\/www.sportechange.com\/en\/wp-json\/wp\/v2\/types\/product"}],"wp:featuredmedia":[{"embeddable":true,"href":"https:\/\/www.sportechange.com\/en\/wp-json\/wp\/v2\/media\/64788"}],"wp:attachment":[{"href":"https:\/\/www.sportechange.com\/en\/wp-json\/wp\/v2\/media?parent=80915"}],"wp:term":[{"taxonomy":"product_brand","embeddable":true,"href":"https:\/\/www.sportechange.com\/en\/wp-json\/wp\/v2\/product_brand?post=80915"},{"taxonomy":"product_cat","embeddable":true,"href":"https:\/\/www.sportechange.com\/en\/wp-json\/wp\/v2\/product_cat?post=80915"},{"taxonomy":"product_tag","embeddable":true,"href":"https:\/\/www.sportechange.com\/en\/wp-json\/wp\/v2\/product_tag?post=80915"}],"curies":[{"name":"wp","href":"https:\/\/api.w.org\/{rel}","templated":true}]}}