{"id":78504,"date":"2024-10-15T15:25:03","date_gmt":"2024-10-15T19:25:03","guid":{"rendered":"https:\/\/www.sportechange.com\/product\/bataleon-fly\/"},"modified":"2024-10-15T15:25:03","modified_gmt":"2024-10-15T19:25:03","slug":"bataleon-fly","status":"publish","type":"product","link":"https:\/\/www.sportechange.com\/en\/product\/bataleon-fly\/","title":{"rendered":"BATALEON FLY"},"content":{"rendered":"<p>Flex: 5\/10<\/p>\n<p>Softer bindings won't kick your butt if you make a mistake. Stiffer bindings are more stable at speed and very responsive from edge to edge. Choose your poison.<\/p>\n","protected":false},"excerpt":{"rendered":"<p>Toute nouvelle pour cette saison, la Fly est une fixation enti\u00e8rement r\u00e9glable \u00e0 un prix attractif qui peut faire face \u00e0 tout ce que vous lui demandez. La nouvelle fixation 3\/4 Back offre un \u00e9quilibre parfait entre le contr\u00f4le en montagne et les possibilit\u00e9s de r\u00e9glage en freestyle.<\/p>\n","protected":false},"featured_media":78382,"template":"","meta":{"_monsterinsights_skip_tracking":false,"_monsterinsights_sitenote_active":false,"_monsterinsights_sitenote_note":"","_monsterinsights_sitenote_category":0},"product_brand":[],"product_cat":[419],"product_tag":[1487],"class_list":{"0":"post-78504","1":"product","2":"type-product","3":"status-publish","4":"has-post-thumbnail","6":"product_cat-bindings-en","7":"product_tag-2024-2025-en","8":"pa_grandeur-m-l-en","9":"pa_grandeur-s-en","10":"has-post-title","11":"has-post-date","12":"has-post-category","13":"has-post-tag","14":"has-post-comment","15":"has-post-author","16":"","18":"first","19":"instock","20":"taxable","21":"shipping-taxable","22":"purchasable","23":"product-type-variable"},"aioseo_notices":[],"_links":{"self":[{"href":"https:\/\/www.sportechange.com\/en\/wp-json\/wp\/v2\/product\/78504","targetHints":{"allow":["GET"]}}],"collection":[{"href":"https:\/\/www.sportechange.com\/en\/wp-json\/wp\/v2\/product"}],"about":[{"href":"https:\/\/www.sportechange.com\/en\/wp-json\/wp\/v2\/types\/product"}],"wp:featuredmedia":[{"embeddable":true,"href":"https:\/\/www.sportechange.com\/en\/wp-json\/wp\/v2\/media\/78382"}],"wp:attachment":[{"href":"https:\/\/www.sportechange.com\/en\/wp-json\/wp\/v2\/media?parent=78504"}],"wp:term":[{"taxonomy":"product_brand","embeddable":true,"href":"https:\/\/www.sportechange.com\/en\/wp-json\/wp\/v2\/product_brand?post=78504"},{"taxonomy":"product_cat","embeddable":true,"href":"https:\/\/www.sportechange.com\/en\/wp-json\/wp\/v2\/product_cat?post=78504"},{"taxonomy":"product_tag","embeddable":true,"href":"https:\/\/www.sportechange.com\/en\/wp-json\/wp\/v2\/product_tag?post=78504"}],"curies":[{"name":"wp","href":"https:\/\/api.w.org\/{rel}","templated":true}]}}