{"id":69925,"date":"2024-05-01T12:11:28","date_gmt":"2024-03-27T15:27:28","guid":{"rendered":"https:\/\/www.sportechange.com\/product\/head-extreme-elite\/"},"modified":"2024-03-27T11:27:28","modified_gmt":"2024-03-27T15:27:28","slug":"head-extreme-elite","status":"publish","type":"product","link":"https:\/\/www.sportechange.com\/en\/product\/head-extreme-elite\/","title":{"rendered":"HEAD EXTREME ELITE"},"content":{"rendered":"<p>MATERIALS: PP + GF<\/p>\n<p>THICKNESS: 11.0 mm \/ 7\/16 in<\/p>\n<p>WEIGHT: 220 g \/ 7.8 oz<\/p>\n<p>LENGTH: 408 mm \/ 16 in<\/p>\n<p>WIDTH: 198 mm \/ 7 7\/8 in<\/p>\n<p>SOCKET SIZE: 105 mm \/ 4 1\/8 in<\/p>\n","protected":false},"excerpt":{"rendered":"<p>L'Extreme Elite est dot\u00e9e de la forme Diamond de HEAD pour plus de contr\u00f4le et d'un noyau en polym\u00e8re nid d'abeille OTC qui cr\u00e9e une sensation et un son parfaits pour tous les niveaux de jeu. Sa surface de frappe en composite offre une surface plus lisse pour plus de puissance et le grip Ergo offre un confort et une meilleure sensation pendant le jeu.<\/p>\n","protected":false},"featured_media":69801,"template":"","meta":{"_monsterinsights_skip_tracking":false,"_monsterinsights_sitenote_active":false,"_monsterinsights_sitenote_note":"","_monsterinsights_sitenote_category":0},"product_brand":[],"product_cat":[1479],"product_tag":[1447],"class_list":{"0":"post-69925","1":"product","2":"type-product","3":"status-publish","4":"has-post-thumbnail","6":"product_cat-pickleball-en","7":"product_tag-2023-2024-en","8":"has-post-title","9":"has-post-date","10":"has-post-category","11":"has-post-tag","12":"has-post-comment","13":"has-post-author","14":"","16":"first","17":"instock","18":"taxable","19":"shipping-taxable","20":"purchasable","21":"product-type-simple"},"aioseo_notices":[],"_links":{"self":[{"href":"https:\/\/www.sportechange.com\/en\/wp-json\/wp\/v2\/product\/69925","targetHints":{"allow":["GET"]}}],"collection":[{"href":"https:\/\/www.sportechange.com\/en\/wp-json\/wp\/v2\/product"}],"about":[{"href":"https:\/\/www.sportechange.com\/en\/wp-json\/wp\/v2\/types\/product"}],"wp:featuredmedia":[{"embeddable":true,"href":"https:\/\/www.sportechange.com\/en\/wp-json\/wp\/v2\/media\/69801"}],"wp:attachment":[{"href":"https:\/\/www.sportechange.com\/en\/wp-json\/wp\/v2\/media?parent=69925"}],"wp:term":[{"taxonomy":"product_brand","embeddable":true,"href":"https:\/\/www.sportechange.com\/en\/wp-json\/wp\/v2\/product_brand?post=69925"},{"taxonomy":"product_cat","embeddable":true,"href":"https:\/\/www.sportechange.com\/en\/wp-json\/wp\/v2\/product_cat?post=69925"},{"taxonomy":"product_tag","embeddable":true,"href":"https:\/\/www.sportechange.com\/en\/wp-json\/wp\/v2\/product_tag?post=69925"}],"curies":[{"name":"wp","href":"https:\/\/api.w.org\/{rel}","templated":true}]}}