{"id":69477,"date":"2024-04-23T14:34:01","date_gmt":"2024-02-23T19:34:01","guid":{"rendered":"https:\/\/www.sportechange.com\/product\/camelbak-mini-m-u-l-e-50oz\/"},"modified":"2024-02-23T14:34:01","modified_gmt":"2024-02-23T19:34:01","slug":"camelbak-mini-m-u-l-e-50oz","status":"publish","type":"product","link":"https:\/\/www.sportechange.com\/en\/product\/camelbak-mini-m-u-l-e-50oz\/","title":{"rendered":"CAMELBAK MINI M.U.L.E.\u00ae 50oz"},"content":{"rendered":"<p>BPA\/BPS\/BPF-free<\/p>\n<p>Dimensions: 14.17 x 7.48 x 5.91 in \/ 36 x 19 x 15 cm<\/p>\n<p>Material: Poly 200D recycled, C0 DWR<\/p>\n<p>Weight: 7 oz. \/ 200 gm<\/p>\n<p>Back panel: Air Mesh<\/p>\n<p>Quick link: No<\/p>\n<p>Belt: No<\/p>\n<p>Bag weight: 390g \/ 15oz.<\/p>\n<p>Includes: 1.5L Crux tank with standard outlet port<\/p>\n<p>Torso adjustment: 12\" - 16\".<\/p>\n<p>Equipment capacity: 3.5L<\/p>\n<p>Hydration capacity: 51 oz \/ 1.5 L<\/p>\n<p><a href=\"https:\/\/www.camelbak.com\/shop\/packs\/kids\/kids-mini-m.u.l.e.-50oz-hydration-pack-with-crux-1.5l-reservoir\/CB-2814.html?dwvar_CB-2814_color=Tie%20Dye%2FBlue\" target=\"_blank\" rel=\"noopener\">info +<\/a><\/p>\n","protected":false},"excerpt":{"rendered":"<p>Lumineux, \u00e9nergique et amusant, notre Mini M.U.L.E.\u00ae a une grande force de frappe dans un contenant plus petit. Con\u00e7u pour les enfants et les personnes \u00e0 la carrure compacte, ce sac durable et construit de mani\u00e8re durable a encore de la place pour tous les besoins de conduite. La construction \u00e9l\u00e9gante et ajustable encourage votre petit aventurier \u00e0 rouler en toute confiance, sans que des bagages inutiles ne l'alourdissent. Le tissu en poly\u00e9thyl\u00e8ne 200D recycl\u00e9 est durable, l\u00e9ger et se d\u00e9tache facilement des taches - un r\u00eave pour les enfants et les parents. Notre gamme de couleurs vives et de motifs amusants leur permet d'afficher leur personnalit\u00e9 ! Le Mini M.U.L.E.\u00ae est id\u00e9al pour le VTT, mais c'est aussi un excellent choix pour les randonn\u00e9es et les journ\u00e9es au parc. Adventure big, ride mini.<\/p>\n","protected":false},"featured_media":69465,"template":"","meta":{"_monsterinsights_skip_tracking":false,"_monsterinsights_sitenote_active":false,"_monsterinsights_sitenote_note":"","_monsterinsights_sitenote_category":0},"product_brand":[],"product_cat":[1461],"product_tag":[],"class_list":{"0":"post-69477","1":"product","2":"type-product","3":"status-publish","4":"has-post-thumbnail","6":"product_cat-bags-and-carriers","7":"pa_couleur-color-blue-en","8":"pa_couleur-color-green","9":"has-post-title","10":"has-post-date","11":"has-post-category","12":"has-post-tag","13":"has-post-comment","14":"has-post-author","15":"","17":"first","18":"instock","19":"taxable","20":"shipping-taxable","21":"purchasable","22":"product-type-variable"},"aioseo_notices":[],"_links":{"self":[{"href":"https:\/\/www.sportechange.com\/en\/wp-json\/wp\/v2\/product\/69477","targetHints":{"allow":["GET"]}}],"collection":[{"href":"https:\/\/www.sportechange.com\/en\/wp-json\/wp\/v2\/product"}],"about":[{"href":"https:\/\/www.sportechange.com\/en\/wp-json\/wp\/v2\/types\/product"}],"wp:featuredmedia":[{"embeddable":true,"href":"https:\/\/www.sportechange.com\/en\/wp-json\/wp\/v2\/media\/69465"}],"wp:attachment":[{"href":"https:\/\/www.sportechange.com\/en\/wp-json\/wp\/v2\/media?parent=69477"}],"wp:term":[{"taxonomy":"product_brand","embeddable":true,"href":"https:\/\/www.sportechange.com\/en\/wp-json\/wp\/v2\/product_brand?post=69477"},{"taxonomy":"product_cat","embeddable":true,"href":"https:\/\/www.sportechange.com\/en\/wp-json\/wp\/v2\/product_cat?post=69477"},{"taxonomy":"product_tag","embeddable":true,"href":"https:\/\/www.sportechange.com\/en\/wp-json\/wp\/v2\/product_tag?post=69477"}],"curies":[{"name":"wp","href":"https:\/\/api.w.org\/{rel}","templated":true}]}}