{"id":69406,"date":"2024-01-31T15:25:27","date_gmt":"2024-01-31T20:25:27","guid":{"rendered":"https:\/\/www.sportechange.com\/product\/sugoi-essence-jersey-w\/"},"modified":"2024-01-31T15:25:27","modified_gmt":"2024-01-31T20:25:27","slug":"sugoi-essence-jersey-w","status":"publish","type":"product","link":"https:\/\/www.sportechange.com\/en\/product\/sugoi-essence-jersey-w\/","title":{"rendered":"SUGOI ESSENCE JERSEY W"},"content":{"rendered":"","protected":false},"excerpt":{"rendered":"<p>Notre maillot Standard Fit avec des caract\u00e9ristiques de performance essentielles qui mettent l'accent sur le confort. Nous avons ajout\u00e9 le tissu Essence pour assurer la gestion de l'humidit\u00e9 et la respirabilit\u00e9.\u00a0 ;<\/p>\n","protected":false},"featured_media":68956,"template":"","meta":{"_monsterinsights_skip_tracking":false,"_monsterinsights_sitenote_active":false,"_monsterinsights_sitenote_note":"","_monsterinsights_sitenote_category":0},"product_brand":[],"product_cat":[328,1433],"product_tag":[],"class_list":{"0":"post-69406","1":"product","2":"type-product","3":"status-publish","4":"has-post-thumbnail","6":"product_cat-clothing-en","7":"product_cat-summer-products","8":"pa_couleur-color-black-en","9":"pa_couleur-color-green","10":"pa_grandeur-l-en","11":"pa_grandeur-m-en","12":"pa_grandeur-s-en","13":"has-post-title","14":"has-post-date","15":"has-post-category","16":"has-post-tag","17":"has-post-comment","18":"has-post-author","19":"","21":"first","22":"instock","23":"sale","24":"taxable","25":"shipping-taxable","26":"purchasable","27":"product-type-variable"},"aioseo_notices":[],"_links":{"self":[{"href":"https:\/\/www.sportechange.com\/en\/wp-json\/wp\/v2\/product\/69406","targetHints":{"allow":["GET"]}}],"collection":[{"href":"https:\/\/www.sportechange.com\/en\/wp-json\/wp\/v2\/product"}],"about":[{"href":"https:\/\/www.sportechange.com\/en\/wp-json\/wp\/v2\/types\/product"}],"wp:featuredmedia":[{"embeddable":true,"href":"https:\/\/www.sportechange.com\/en\/wp-json\/wp\/v2\/media\/68956"}],"wp:attachment":[{"href":"https:\/\/www.sportechange.com\/en\/wp-json\/wp\/v2\/media?parent=69406"}],"wp:term":[{"taxonomy":"product_brand","embeddable":true,"href":"https:\/\/www.sportechange.com\/en\/wp-json\/wp\/v2\/product_brand?post=69406"},{"taxonomy":"product_cat","embeddable":true,"href":"https:\/\/www.sportechange.com\/en\/wp-json\/wp\/v2\/product_cat?post=69406"},{"taxonomy":"product_tag","embeddable":true,"href":"https:\/\/www.sportechange.com\/en\/wp-json\/wp\/v2\/product_tag?post=69406"}],"curies":[{"name":"wp","href":"https:\/\/api.w.org\/{rel}","templated":true}]}}