{"id":68937,"date":"2024-01-31T15:12:46","date_gmt":"2024-01-31T20:12:46","guid":{"rendered":"https:\/\/www.sportechange.com\/product\/sugoi-essence-jersey\/"},"modified":"2024-01-31T15:12:46","modified_gmt":"2024-01-31T20:12:46","slug":"sugoi-essence-jersey","status":"publish","type":"product","link":"https:\/\/www.sportechange.com\/en\/product\/sugoi-essence-jersey\/","title":{"rendered":"SUGOI ESSENCE JERSEY"},"content":{"rendered":"<p>Standard fit<\/p>\n<p>Activity: Road<\/p>\n<p>Weather conditions: Sunny day<\/p>\n<p>Essence fabric ensures moisture management and breathability.<\/p>\n<p>Airline 100 Eco is a lightweight fabric with good breathability. It helps manage moisture.<\/p>\n<p>Lycra Cozza is a lightweight, comfortable fabric that feels like a second skin. Breathable and quick-drying. Compressive properties maximize muscle performance. 4-way stretch. This fabric has a UPF\/SPF 50 rating.<\/p>\n<p>Three traditional gusseted back pockets for your essentials.<\/p>\n<p>Lightweight silicone waistband for a secure fit.<\/p>\n","protected":false},"excerpt":{"rendered":"<p>Notre maillot Standard Fit avec des caract\u00e9ristiques de performance essentielles qui mettent l'accent sur le confort.<br \/>\nNotre maillot Essence Standard Fit est con\u00e7u pour offrir un maximum de confort et de performance. Fabriqu\u00e9 avec le tissu Airline 100 ECO, il offre une gestion de l'humidit\u00e9 et une bonne respirabilit\u00e9. Il est dot\u00e9 de trois poches arri\u00e8re pour ranger l'essentiel et d'une fermeture \u00e0 glissi\u00e8re sur toute la longueur pour la ventilation, ainsi que d'une l\u00e9g\u00e8re pince en silicone au niveau de l'ourlet pour un ajustement s\u00fbr.<\/p>\n","protected":false},"featured_media":68914,"template":"","meta":{"_monsterinsights_skip_tracking":false,"_monsterinsights_sitenote_active":false,"_monsterinsights_sitenote_note":"","_monsterinsights_sitenote_category":0},"product_brand":[],"product_cat":[328,1433],"product_tag":[],"class_list":{"0":"post-68937","1":"product","2":"type-product","3":"status-publish","4":"has-post-thumbnail","6":"product_cat-clothing-en","7":"product_cat-summer-products","8":"pa_couleur-color-black-en","9":"pa_couleur-color-blue-en","10":"pa_couleur-color-red-en","11":"pa_grandeur-l-en","12":"pa_grandeur-m-en","13":"pa_grandeur-s-en","14":"pa_grandeur-xl-en","15":"has-post-title","16":"has-post-date","17":"has-post-category","18":"has-post-tag","19":"has-post-comment","20":"has-post-author","21":"","23":"first","24":"instock","25":"sale","26":"taxable","27":"shipping-taxable","28":"purchasable","29":"product-type-variable"},"aioseo_notices":[],"_links":{"self":[{"href":"https:\/\/www.sportechange.com\/en\/wp-json\/wp\/v2\/product\/68937","targetHints":{"allow":["GET"]}}],"collection":[{"href":"https:\/\/www.sportechange.com\/en\/wp-json\/wp\/v2\/product"}],"about":[{"href":"https:\/\/www.sportechange.com\/en\/wp-json\/wp\/v2\/types\/product"}],"wp:featuredmedia":[{"embeddable":true,"href":"https:\/\/www.sportechange.com\/en\/wp-json\/wp\/v2\/media\/68914"}],"wp:attachment":[{"href":"https:\/\/www.sportechange.com\/en\/wp-json\/wp\/v2\/media?parent=68937"}],"wp:term":[{"taxonomy":"product_brand","embeddable":true,"href":"https:\/\/www.sportechange.com\/en\/wp-json\/wp\/v2\/product_brand?post=68937"},{"taxonomy":"product_cat","embeddable":true,"href":"https:\/\/www.sportechange.com\/en\/wp-json\/wp\/v2\/product_cat?post=68937"},{"taxonomy":"product_tag","embeddable":true,"href":"https:\/\/www.sportechange.com\/en\/wp-json\/wp\/v2\/product_tag?post=68937"}],"curies":[{"name":"wp","href":"https:\/\/api.w.org\/{rel}","templated":true}]}}