{"id":68857,"date":"2024-01-30T14:50:12","date_gmt":"2024-01-30T19:50:12","guid":{"rendered":"https:\/\/www.sportechange.com\/product\/sugoi-rs-pro-2-bib-short\/"},"modified":"2024-01-30T14:50:12","modified_gmt":"2024-01-30T19:50:12","slug":"sugoi-rs-pro-2-bib-short","status":"publish","type":"product","link":"https:\/\/www.sportechange.com\/en\/product\/sugoi-rs-pro-2-bib-short\/","title":{"rendered":"SUGOI RS PRO 2 BIB SHORT"},"content":{"rendered":"<p>Standard Fit<\/p>\n<p>Activity: Road<\/p>\n<p>Weather conditions: Sunny day<\/p>\n<p>Ideal for hikes lasting more than 3 hours<\/p>\n<p>High-density Poron\u00ae foam under the seat bones for vibration damping<br \/>\nl'amortissement des vibrations<\/p>\n<p>Formula FX seat insert<\/p>\n<p>Firo fabric with exceptional wicking and breathability properties provides excellent muscle support and shape recovery. excellent muscle support and shape recovery.<\/p>\n<p>Ultra Aero fabric on outer thighs for maximum aerodynamic efficiency<\/p>\n<p>Formula FX chamois with Cradle construction and Poron\u00ae foam in the seat for enhanced performance. for enhanced performance<\/p>\n<p>Inseam: 9\" \/ 23 cm<\/p>\n<p>Silicone-infused retaining band for a clean, smooth fit<\/p>\n","protected":false},"excerpt":{"rendered":"<p>Cuissard \u00e0 bretelles con\u00e7u pour les longues journ\u00e9es en selle.<br \/>\nIl est construit avec le tissu Ultra Aero \u00e0 l'ext\u00e9rieur des cuisses pour une efficacit\u00e9 a\u00e9rodynamique maximale. La construction multi-tissu et la silhouette ergonomique et flatteuse offrent un confort et un ajustement impeccables, ancr\u00e9s par une peau de chamois 3D avec la construction Cradle !<\/p>\n","protected":false},"featured_media":68849,"template":"","meta":{"_monsterinsights_skip_tracking":false,"_monsterinsights_sitenote_active":false,"_monsterinsights_sitenote_note":"","_monsterinsights_sitenote_category":0},"product_brand":[],"product_cat":[328],"product_tag":[],"class_list":{"0":"post-68857","1":"product","2":"type-product","3":"status-publish","4":"has-post-thumbnail","6":"product_cat-clothing-en","7":"pa_couleur-color-black-en","8":"pa_couleur-color-blue-en","9":"pa_grandeur-l-en","10":"pa_grandeur-m-en","11":"pa_grandeur-s-en","12":"has-post-title","13":"has-post-date","14":"has-post-category","15":"has-post-tag","16":"has-post-comment","17":"has-post-author","18":"","20":"first","21":"instock","22":"taxable","23":"shipping-taxable","24":"purchasable","25":"product-type-variable"},"aioseo_notices":[],"_links":{"self":[{"href":"https:\/\/www.sportechange.com\/en\/wp-json\/wp\/v2\/product\/68857","targetHints":{"allow":["GET"]}}],"collection":[{"href":"https:\/\/www.sportechange.com\/en\/wp-json\/wp\/v2\/product"}],"about":[{"href":"https:\/\/www.sportechange.com\/en\/wp-json\/wp\/v2\/types\/product"}],"wp:featuredmedia":[{"embeddable":true,"href":"https:\/\/www.sportechange.com\/en\/wp-json\/wp\/v2\/media\/68849"}],"wp:attachment":[{"href":"https:\/\/www.sportechange.com\/en\/wp-json\/wp\/v2\/media?parent=68857"}],"wp:term":[{"taxonomy":"product_brand","embeddable":true,"href":"https:\/\/www.sportechange.com\/en\/wp-json\/wp\/v2\/product_brand?post=68857"},{"taxonomy":"product_cat","embeddable":true,"href":"https:\/\/www.sportechange.com\/en\/wp-json\/wp\/v2\/product_cat?post=68857"},{"taxonomy":"product_tag","embeddable":true,"href":"https:\/\/www.sportechange.com\/en\/wp-json\/wp\/v2\/product_tag?post=68857"}],"curies":[{"name":"wp","href":"https:\/\/api.w.org\/{rel}","templated":true}]}}