{"id":68663,"date":"2024-01-22T16:16:35","date_gmt":"2024-01-22T21:16:35","guid":{"rendered":"https:\/\/www.sportechange.com\/product\/topeak-roadie-tt-mini\/"},"modified":"2024-01-22T16:16:35","modified_gmt":"2024-01-22T21:16:35","slug":"topeak-roadie-tt-mini","status":"publish","type":"product","link":"https:\/\/www.sportechange.com\/en\/product\/topeak-roadie-tt-mini\/","title":{"rendered":"TOPEAK ROADIE TT MINI"},"content":{"rendered":"<p>HEAD: Presta with integrated dust cap<\/p>\n<p>BARREL \/ LOCK THUMB \/ HANDLE: Aluminium<\/p>\n<p>CAPACITY: 160 psi \/ 11 bar<\/p>\n<p>VOLUME PER BLOW: 31.6 cc<\/p>\n<p>ADDITIONAL FEATURES: Side mounting bracket<\/p>\n<p>SIZE : 16.5 x 3.3 x 2.35 cm \/ 6.5\" x 1.3\" x 0.9\"<\/p>\n<p>WEIGHT: 90 g \/ 3.17 oz<\/p>\n<p>TT TwinTurbo technology: the larger outer cylinder compresses huge quantities of air into a smaller-diameter inner cylinder to deliver more air and higher pressure with fewer strokes.<\/p>\n<p>Presta head with aluminium locking lever to ensure watertightness.<\/p>\n<p>Side mounting bracket included<\/p>\n","protected":false},"excerpt":{"rendered":"<p>La Roadie TT Twin Turbo est une mini-pompe de poche enti\u00e8rement m\u00e9tallique qui transf\u00e8re un volume d'air plus important d'une chambre ext\u00e9rieure de plus grand diam\u00e8tre vers une chambre int\u00e9rieure de plus petit diam\u00e8tre afin de d\u00e9livrer plus d'air \u00e0 des pressions plus \u00e9lev\u00e9es pour remplir les pneus 50 % plus rapidement et plus facilement. Le capuchon anti-poussi\u00e8re int\u00e9gr\u00e9 permet de garder la t\u00eate de la pompe propre et le levier de verrouillage du pouce assure une fermeture herm\u00e9tique.<\/p>\n","protected":false},"featured_media":68590,"template":"","meta":{"_monsterinsights_skip_tracking":false,"_monsterinsights_sitenote_active":false,"_monsterinsights_sitenote_note":"","_monsterinsights_sitenote_category":0},"product_brand":[],"product_cat":[317],"product_tag":[],"class_list":{"0":"post-68663","1":"product","2":"type-product","3":"status-publish","4":"has-post-thumbnail","6":"product_cat-tires-wheels-and-pumps","7":"pa_couleur-color-black-en","8":"pa_couleur-color-silver","9":"has-post-title","10":"has-post-date","11":"has-post-category","12":"has-post-tag","13":"has-post-comment","14":"has-post-author","15":"","17":"first","18":"instock","19":"sale","20":"taxable","21":"shipping-taxable","22":"purchasable","23":"product-type-variable"},"aioseo_notices":[],"_links":{"self":[{"href":"https:\/\/www.sportechange.com\/en\/wp-json\/wp\/v2\/product\/68663","targetHints":{"allow":["GET"]}}],"collection":[{"href":"https:\/\/www.sportechange.com\/en\/wp-json\/wp\/v2\/product"}],"about":[{"href":"https:\/\/www.sportechange.com\/en\/wp-json\/wp\/v2\/types\/product"}],"wp:featuredmedia":[{"embeddable":true,"href":"https:\/\/www.sportechange.com\/en\/wp-json\/wp\/v2\/media\/68590"}],"wp:attachment":[{"href":"https:\/\/www.sportechange.com\/en\/wp-json\/wp\/v2\/media?parent=68663"}],"wp:term":[{"taxonomy":"product_brand","embeddable":true,"href":"https:\/\/www.sportechange.com\/en\/wp-json\/wp\/v2\/product_brand?post=68663"},{"taxonomy":"product_cat","embeddable":true,"href":"https:\/\/www.sportechange.com\/en\/wp-json\/wp\/v2\/product_cat?post=68663"},{"taxonomy":"product_tag","embeddable":true,"href":"https:\/\/www.sportechange.com\/en\/wp-json\/wp\/v2\/product_tag?post=68663"}],"curies":[{"name":"wp","href":"https:\/\/api.w.org\/{rel}","templated":true}]}}