{"id":68620,"date":"2024-01-23T12:38:54","date_gmt":"2024-01-23T17:38:54","guid":{"rendered":"https:\/\/www.sportechange.com\/product\/pompe-toepeak-mountain-da-g\/"},"modified":"2024-01-24T13:06:27","modified_gmt":"2024-01-24T18:06:27","slug":"pompe-topeak-mountain-da-g","status":"publish","type":"product","link":"https:\/\/www.sportechange.com\/en\/product\/pompe-topeak-mountain-da-g\/","title":{"rendered":"TOPEAK MOUNTAIN DA G"},"content":{"rendered":"<p>HEAD : Presta \/ Schrader \/ Dunlop with integrated dust cap<\/p>\n<p>BARREL : Aluminum<\/p>\n<p>THUMB LOCK \/ HANDLE : Polymer<\/p>\n<p>CAPACITY : 60 psi \/ 4 bar, 1-1\/8\u201d Analog<\/p>\n<p>VOLUME PER STROKE : 82 cc (pull + push)<\/p>\n<p>ADDED FEATURES : Dual action pumping head, Side mount bracket<\/p>\n<p>SIZE : 25.3 x 4.6 x 3.4 cm \/ 10\u201d x 1.8\u201d x 1.3\u201d<\/p>\n<p>WEIGHT : 152 g \/ 5.36 oz<\/p>\n","protected":false},"excerpt":{"rendered":"<p>La version \u00e0 barillet plus large pompe plus de volume d'air pour les cyclistes de VTT. Le grand manom\u00e8tre analogique int\u00e9gr\u00e9 de 1-1\/8\" de diam\u00e8tre, facile \u00e0 lire, permet un gonflage parfait \u00e0 chaque fois. La double action (DA) double le volume \u00e0 chaque coup de pompe et gonfle rapidement les pneus jusqu'\u00e0 la pression. Le capuchon anti-poussi\u00e8re int\u00e9gr\u00e9 garde la t\u00eate de la pompe propre et le levier de verrouillage du pouce assure l'\u00e9tanch\u00e9it\u00e9. Choix de la r\u00e9daction de Bicycling Magazine en 2020 pour la meilleure mini-pompe \u00e0 haute colonne.<\/p>\n","protected":false},"featured_media":68617,"template":"","meta":{"_monsterinsights_skip_tracking":false,"_monsterinsights_sitenote_active":false,"_monsterinsights_sitenote_note":"","_monsterinsights_sitenote_category":0},"product_brand":[],"product_cat":[317],"product_tag":[],"class_list":{"0":"post-68620","1":"product","2":"type-product","3":"status-publish","4":"has-post-thumbnail","6":"product_cat-tires-wheels-and-pumps","7":"has-post-title","8":"has-post-date","9":"has-post-category","10":"has-post-tag","11":"has-post-comment","12":"has-post-author","13":"","15":"first","16":"instock","17":"sale","18":"taxable","19":"shipping-taxable","20":"purchasable","21":"product-type-simple"},"aioseo_notices":[],"_links":{"self":[{"href":"https:\/\/www.sportechange.com\/en\/wp-json\/wp\/v2\/product\/68620","targetHints":{"allow":["GET"]}}],"collection":[{"href":"https:\/\/www.sportechange.com\/en\/wp-json\/wp\/v2\/product"}],"about":[{"href":"https:\/\/www.sportechange.com\/en\/wp-json\/wp\/v2\/types\/product"}],"wp:featuredmedia":[{"embeddable":true,"href":"https:\/\/www.sportechange.com\/en\/wp-json\/wp\/v2\/media\/68617"}],"wp:attachment":[{"href":"https:\/\/www.sportechange.com\/en\/wp-json\/wp\/v2\/media?parent=68620"}],"wp:term":[{"taxonomy":"product_brand","embeddable":true,"href":"https:\/\/www.sportechange.com\/en\/wp-json\/wp\/v2\/product_brand?post=68620"},{"taxonomy":"product_cat","embeddable":true,"href":"https:\/\/www.sportechange.com\/en\/wp-json\/wp\/v2\/product_cat?post=68620"},{"taxonomy":"product_tag","embeddable":true,"href":"https:\/\/www.sportechange.com\/en\/wp-json\/wp\/v2\/product_tag?post=68620"}],"curies":[{"name":"wp","href":"https:\/\/api.w.org\/{rel}","templated":true}]}}