{"id":67216,"date":"2023-11-14T16:38:53","date_gmt":"2023-11-14T21:38:53","guid":{"rendered":"https:\/\/www.sportechange.com\/product\/salomon-brigade\/"},"modified":"2023-11-21T07:47:28","modified_gmt":"2023-11-21T12:47:28","slug":"salomon-brigade","status":"publish","type":"product","link":"https:\/\/www.sportechange.com\/en\/product\/salomon-brigade\/","title":{"rendered":"SALOMON BRIGADE"},"content":{"rendered":"<p>ideal for: Freestyle<\/p>\n<p>Lightness - Light<\/p>\n<p>Aeration - Intermediate<\/p>\n<p>Weight: 480 g<\/p>\n<p><a href=\"https:\/\/www.salomon.com\/fr-ca\/shop\/product\/brigade-li5129.html#color=82093\" target=\"_blank\" rel=\"noopener\">INFO +<\/a><\/p>\n","protected":false},"excerpt":{"rendered":"<p>\u00c0 la fois technique et styl\u00e9, le casque Brigade de Salomon associe un look urbain aux fonctionnalit\u00e9s pratiques n\u00e9cessaires en montagne. Offrant la s\u00e9curit\u00e9 de la technologie EPS 4D dans une coque minimaliste, ce mod\u00e8le dispose d\u2019une doublure amovible et d\u2019un attache-masque qui s\u2019escamote compl\u00e8tement pour vous permettre de pr\u00e9server votre style en portant un casque \u00e9pur\u00e9 lorsque vous mettez votre masque sous la coque.<\/p>\n","protected":false},"featured_media":67157,"template":"","meta":{"_monsterinsights_skip_tracking":false,"_monsterinsights_sitenote_active":false,"_monsterinsights_sitenote_note":"","_monsterinsights_sitenote_category":0},"product_brand":[],"product_cat":[533],"product_tag":[1447],"class_list":{"0":"post-67216","1":"product","2":"type-product","3":"status-publish","4":"has-post-thumbnail","6":"product_cat-helmets-en","7":"product_tag-2023-2024-en","8":"pa_couleur-color-black-en","9":"pa_couleur-color-blue-en","10":"pa_couleur-color-white-en","11":"pa_grandeur-l-en","12":"pa_grandeur-m-en","13":"has-post-title","14":"has-post-date","15":"has-post-category","16":"has-post-tag","17":"has-post-comment","18":"has-post-author","19":"","21":"first","22":"instock","23":"taxable","24":"shipping-taxable","25":"purchasable","26":"product-type-variable"},"aioseo_notices":[],"_links":{"self":[{"href":"https:\/\/www.sportechange.com\/en\/wp-json\/wp\/v2\/product\/67216","targetHints":{"allow":["GET"]}}],"collection":[{"href":"https:\/\/www.sportechange.com\/en\/wp-json\/wp\/v2\/product"}],"about":[{"href":"https:\/\/www.sportechange.com\/en\/wp-json\/wp\/v2\/types\/product"}],"wp:featuredmedia":[{"embeddable":true,"href":"https:\/\/www.sportechange.com\/en\/wp-json\/wp\/v2\/media\/67157"}],"wp:attachment":[{"href":"https:\/\/www.sportechange.com\/en\/wp-json\/wp\/v2\/media?parent=67216"}],"wp:term":[{"taxonomy":"product_brand","embeddable":true,"href":"https:\/\/www.sportechange.com\/en\/wp-json\/wp\/v2\/product_brand?post=67216"},{"taxonomy":"product_cat","embeddable":true,"href":"https:\/\/www.sportechange.com\/en\/wp-json\/wp\/v2\/product_cat?post=67216"},{"taxonomy":"product_tag","embeddable":true,"href":"https:\/\/www.sportechange.com\/en\/wp-json\/wp\/v2\/product_tag?post=67216"}],"curies":[{"name":"wp","href":"https:\/\/api.w.org\/{rel}","templated":true}]}}