{"id":54063,"date":"2022-04-22T11:58:08","date_gmt":"2022-04-22T15:58:08","guid":{"rendered":"https:\/\/www.sportechange.com\/product\/obrien-dual-action-hand-pump\/"},"modified":"2022-04-22T11:58:08","modified_gmt":"2022-04-22T15:58:08","slug":"obrien-dual-action-hand-pump","status":"publish","type":"product","link":"https:\/\/www.sportechange.com\/en\/product\/obrien-dual-action-hand-pump\/","title":{"rendered":"O'Brien Dual-Action Hand Pump"},"content":{"rendered":"","protected":false},"excerpt":{"rendered":"<p>Gonflez vos planches, chambres \u00e0 air et flotteurs plus rapidement et plus facilement gr\u00e2ce \u00e0 des cycles de pompage continus en mouvements descendants et ascendants.<\/p>\n<p>Poign\u00e9es faciles \u00e0 saisir<\/p>\n<p>Base stable<\/p>\n<p>Manom\u00e8tre mont\u00e9 sur le dessus<\/p>\n<p>Gonfle jusqu'\u00e0 18 psi<\/p>\n<p>Comprend une vari\u00e9t\u00e9 d'embouts<\/p>\n","protected":false},"featured_media":53882,"template":"","meta":{"_monsterinsights_skip_tracking":false,"_monsterinsights_sitenote_active":false,"_monsterinsights_sitenote_note":"","_monsterinsights_sitenote_category":0},"product_brand":[],"product_cat":[411],"product_tag":[],"class_list":{"0":"post-54063","1":"product","2":"type-product","3":"status-publish","4":"has-post-thumbnail","6":"product_cat-accessories-en-3","7":"product_shipping_class-oversized-item","8":"has-post-title","9":"has-post-date","10":"has-post-category","11":"has-post-tag","12":"has-post-comment","13":"has-post-author","14":"","16":"first","17":"instock","18":"taxable","19":"shipping-taxable","20":"purchasable","21":"product-type-simple"},"aioseo_notices":[],"_links":{"self":[{"href":"https:\/\/www.sportechange.com\/en\/wp-json\/wp\/v2\/product\/54063","targetHints":{"allow":["GET"]}}],"collection":[{"href":"https:\/\/www.sportechange.com\/en\/wp-json\/wp\/v2\/product"}],"about":[{"href":"https:\/\/www.sportechange.com\/en\/wp-json\/wp\/v2\/types\/product"}],"wp:featuredmedia":[{"embeddable":true,"href":"https:\/\/www.sportechange.com\/en\/wp-json\/wp\/v2\/media\/53882"}],"wp:attachment":[{"href":"https:\/\/www.sportechange.com\/en\/wp-json\/wp\/v2\/media?parent=54063"}],"wp:term":[{"taxonomy":"product_brand","embeddable":true,"href":"https:\/\/www.sportechange.com\/en\/wp-json\/wp\/v2\/product_brand?post=54063"},{"taxonomy":"product_cat","embeddable":true,"href":"https:\/\/www.sportechange.com\/en\/wp-json\/wp\/v2\/product_cat?post=54063"},{"taxonomy":"product_tag","embeddable":true,"href":"https:\/\/www.sportechange.com\/en\/wp-json\/wp\/v2\/product_tag?post=54063"}],"curies":[{"name":"wp","href":"https:\/\/api.w.org\/{rel}","templated":true}]}}