{"id":44027,"date":"2021-09-21T14:44:57","date_gmt":"2021-09-21T18:44:57","guid":{"rendered":"https:\/\/www.sportechange.com\/product\/tubbs-wilderness-mens-snowshoes\/"},"modified":"2023-01-03T22:38:09","modified_gmt":"2023-01-04T03:38:09","slug":"tubbs-wilderness-mens-snowshoes","status":"publish","type":"product","link":"https:\/\/www.sportechange.com\/en\/product\/tubbs-wilderness-mens-snowshoes\/","title":{"rendered":"TUBBS WILDERNESS MEN'S SNOWSHOES"},"content":{"rendered":"<p>Size :<br \/>\n25, 30, 36<\/p>\n<p>Color :<br \/>\nBlack<\/p>\n<p>Snowshoe Frame :<br \/>\nFit-Step&#x2122; 2.0 Frame<\/p>\n<p>Articulation :<br \/>\nRotating Toe Cord With Rotation Limiter<\/p>\n<p>Crampon :<br \/>\nCobra&#x2122; Toe Crampon, Tubbs Heel Crampon<\/p>\n<p>Snowshoe Category :<br \/>\nDay Hiking<\/p>\n<p>Has Heel Lift :<br \/>\nHeel Lift<\/p>\n<p>Binding :<br \/>\n180&#x2122; EZ Pro Binding<\/p>\n<p><a href=\"https:\/\/www.sportechange.com\/wp-content\/uploads\/2021\/09\/Capture-de\u0301cran-le-2021-09-21-a\u0300-14.47.13.png\"><img loading=\"lazy\" decoding=\"async\" class=\"alignnone size-full wp-image-44031\" src=\"https:\/\/www.sportechange.com\/wp-content\/uploads\/2021\/09\/Capture-de\u0301cran-le-2021-09-21-a\u0300-14.47.13.png\" alt=\"\" width=\"688\" height=\"432\" srcset=\"https:\/\/www.sportechange.com\/wp-content\/uploads\/2021\/09\/Capture-de\u0301cran-le-2021-09-21-a\u0300-14.47.13.png 688w, https:\/\/www.sportechange.com\/wp-content\/uploads\/2021\/09\/Capture-de\u0301cran-le-2021-09-21-a\u0300-14.47.13-300x188.png 300w, https:\/\/www.sportechange.com\/wp-content\/uploads\/2021\/09\/Capture-de\u0301cran-le-2021-09-21-a\u0300-14.47.13-500x314.png 500w, https:\/\/www.sportechange.com\/wp-content\/uploads\/2021\/09\/Capture-de\u0301cran-le-2021-09-21-a\u0300-14.47.13-600x377.png 600w\" sizes=\"auto, (max-width: 688px) 100vw, 688px\" \/><\/a><\/p>\n","protected":false},"excerpt":{"rendered":"<p>Avec de nouvelles illustrations - dont une version noire \u00e9l\u00e9gante et furtive - cette raquette \u00e0 neige incontournable a un nouveau look et est pr\u00eate \u00e0 aller sur la neige cet hiver. Une raquette de randonn\u00e9e de jour bien \u00e9quilibr\u00e9e, la Wilderness est le m\u00e9lange parfait de technologie fonctionnelle et de confort. Le cadre Fit-Step&#x2122; 2.0 et le platelage SoftTec&#x2122; offrent une grande flottaison lorsque la neige devient profonde, tandis que le crampon d'orteil Cobra&#x2122; et le crampon de talon Tubbs, qui ont fait leurs preuves, apportent la traction et la stabilit\u00e9 n\u00e9cessaires sur des terrains vari\u00e9s. La fixation premium 180&#x2122; Pro offre un ajustement sans pression et de la chaleur gr\u00e2ce aux Control Wings&#x2122; rigides, \u00e0 une sangle de talon verrouillable et \u00e0 une tige rembourr\u00e9e. Avec une \u00e9l\u00e9vation du talon ActiveLift&#x2122; de 16\u00b0 pour r\u00e9duire la fatigue des mollets lors des ascensions plus raides, la Wilderness vous couvre, peu importe o\u00f9 l'aventure vous m\u00e8ne.<\/p>\n","protected":false},"featured_media":44023,"template":"","meta":{"_monsterinsights_skip_tracking":false,"_monsterinsights_sitenote_active":false,"_monsterinsights_sitenote_note":"","_monsterinsights_sitenote_category":0},"product_brand":[],"product_cat":[425],"product_tag":[],"class_list":{"0":"post-44027","1":"product","2":"type-product","3":"status-publish","4":"has-post-thumbnail","6":"product_cat-senior-en","7":"product_shipping_class-oversized-item","8":"pa_couleur-color-black-en","9":"pa_couleur-color-blue-en","10":"has-post-title","11":"has-post-date","12":"has-post-category","13":"has-post-tag","14":"has-post-comment","15":"has-post-author","16":"","18":"first","19":"instock","20":"taxable","21":"shipping-taxable","22":"purchasable","23":"product-type-variable"},"aioseo_notices":[],"_links":{"self":[{"href":"https:\/\/www.sportechange.com\/en\/wp-json\/wp\/v2\/product\/44027","targetHints":{"allow":["GET"]}}],"collection":[{"href":"https:\/\/www.sportechange.com\/en\/wp-json\/wp\/v2\/product"}],"about":[{"href":"https:\/\/www.sportechange.com\/en\/wp-json\/wp\/v2\/types\/product"}],"wp:featuredmedia":[{"embeddable":true,"href":"https:\/\/www.sportechange.com\/en\/wp-json\/wp\/v2\/media\/44023"}],"wp:attachment":[{"href":"https:\/\/www.sportechange.com\/en\/wp-json\/wp\/v2\/media?parent=44027"}],"wp:term":[{"taxonomy":"product_brand","embeddable":true,"href":"https:\/\/www.sportechange.com\/en\/wp-json\/wp\/v2\/product_brand?post=44027"},{"taxonomy":"product_cat","embeddable":true,"href":"https:\/\/www.sportechange.com\/en\/wp-json\/wp\/v2\/product_cat?post=44027"},{"taxonomy":"product_tag","embeddable":true,"href":"https:\/\/www.sportechange.com\/en\/wp-json\/wp\/v2\/product_tag?post=44027"}],"curies":[{"name":"wp","href":"https:\/\/api.w.org\/{rel}","templated":true}]}}