{"id":66721,"date":"2023-10-13T15:13:55","date_gmt":"2023-10-13T19:13:55","guid":{"rendered":"https:\/\/www.sportechange.com\/privacy-policy\/"},"modified":"2024-11-25T10:13:39","modified_gmt":"2024-11-25T15:13:39","slug":"privacy-policy","status":"publish","type":"page","link":"https:\/\/www.sportechange.com\/en\/privacy-policy\/","title":{"rendered":"PRIVACY POLICY"},"content":{"rendered":"<h1 class=\"privacy-policy-h1\"><span style=\"color: #344b61;\">Privacy policy<\/span><\/h1>\n<p><span style=\"color: #344b61;\">This privacy policy describes the policies of Sport Echange Outaouais inc,<\/span><\/p>\n<p><span style=\"color: #344b61;\">1065 boul. de la Carri\u00e8re, (QC), J8Y 6V5, Canada,<\/span><\/p>\n<p><span style=\"color: #344b61;\">E-mail: internet@sportechange.com,<\/span><\/p>\n<p><span style=\"color: #344b61;\">Telephone: 819 770-6445<\/span><\/p>\n<p><span style=\"color: #344b61;\">About the collection, use and disclosure of information we collect when you use our website ( sportechange.com ). (the \"Service\"). By accessing or using the Service, you consent to the collection, use and disclosure of your information in accordance with this Privacy Policy. If you do not consent, please do not access or use the Service.<\/span><\/p>\n<p><span style=\"color: #344b61;\">We may change this Privacy Policy at any time without prior notice to you and will post the revised Privacy Policy on the Service. The revised policy will be effective 180 days after it is posted on the service and your continued access or use of the service after that date will constitute your acceptance of the revised privacy policy. We therefore recommend that you consult this page regularly.<\/span><\/p>\n<ol>\n<li class=\"privacy-policy-h2\">\n<h2><span style=\"color: #344b61;\">The information we collect :<\/span><\/h2>\n<\/li>\n<\/ol>\n<p class=\"privacy-policy-p\"><span style=\"color: #344b61;\">\u00a0 \u00a0 \u00a0 \u00a0 \u00a0We will collect and process the following personal information about you:<\/span><\/p>\n<ol class=\"privacy-policy-ol\">\n<li style=\"list-style-type: none;\">\n<ol class=\"privacy-policy-ol\">\n<li><span style=\"color: #344b61;\">Name<\/span><\/li>\n<li><span style=\"color: #344b61;\">E-mail<\/span><\/li>\n<li><span style=\"color: #344b61;\">Phone<\/span><\/li>\n<li><span style=\"color: #344b61;\">Address<\/span><\/li>\n<li><span style=\"color: #344b61;\">Payment information<\/span><\/li>\n<\/ol>\n<\/li>\n<\/ol>\n<ol class=\"privacy-policy-ol\">\n<li>\n<h2 class=\"privacy-policy-h2\"><span style=\"color: #344b61;\">How We Collect Your Information:<\/span><\/h2>\n<p class=\"privacy-policy-p\"><span style=\"color: #344b61;\">We collect\/receive information about you in the following ways:<\/span><\/p>\n<ol class=\"privacy-policy-ol\">\n<li><span style=\"color: #344b61;\">When a user fills in the registration form or otherwise submits personal information<\/span><\/li>\n<li><span style=\"color: #344b61;\">Interacting with the website<\/span><\/li>\n<li><span style=\"color: #344b61;\">Public sources<\/span><\/li>\n<\/ol>\n<\/li>\n<li>\n<h2 class=\"privacy-policy-h2\"><span style=\"color: #344b61;\">How we use your information :<\/span><\/h2>\n<p class=\"privacy-policy-p\"><span style=\"color: #344b61;\">We will use the information we collect about you for the following purposes:<\/span><\/p>\n<ol class=\"privacy-policy-ol\">\n<li><span style=\"color: #344b61;\">Marketing\/ Promotion<\/span><\/li>\n<li><span style=\"color: #344b61;\">Creating a user account<\/span><\/li>\n<li><span style=\"color: #344b61;\">Payment processing<\/span><\/li>\n<li><span style=\"color: #344b61;\">Administration information<\/span><\/li>\n<li><span style=\"color: #344b61;\">Manage customer orders<\/span><\/li>\n<li><span style=\"color: #344b61;\">Site protection<\/span><\/li>\n<li><span style=\"color: #344b61;\">Dispute resolution<\/span><\/li>\n<li><span style=\"color: #344b61;\">Manage user account<\/span><\/li>\n<\/ol>\n<p class=\"privacy-policy-p\"><span style=\"color: #344b61;\">If we want to use your information for other purposes, we will ask for your consent and we will only use your information after receiving your consent and then only for the purposes for which you have given your consent, unless we are required by law to do otherwise.<\/span><\/p>\n<\/li>\n<li>\n<h2 class=\"privacy-policy-h2\"><span style=\"color: #344b61;\">How we share your information:<\/span><\/h2>\n<p class=\"privacy-policy-p\"><span style=\"color: #344b61;\">We will not transfer your personal information to a third party without your consent, except in the limited circumstances described below:<\/span><\/p>\n<ol class=\"privacy-policy-ol\">\n<li><span style=\"color: #344b61;\">Advertising department<\/span><\/li>\n<li><span style=\"color: #344b61;\">Marketing agencies<\/span><\/li>\n<li><span style=\"color: #344b61;\">Analysis<\/span><\/li>\n<li><span style=\"color: #344b61;\">Payment collection services<\/span><\/li>\n<\/ol>\n<p class=\"privacy-policy-p\"><span style=\"color: #344b61;\">We require such third parties to use the personal information we transfer to them only for the purposes for which it was transferred and to retain it no longer than is necessary to achieve those purposes.<\/span><\/p>\n<p class=\"privacy-policy-p\"><span style=\"color: #344b61;\">We may also disclose your personal information in the following circumstances: (1) to comply with applicable law, regulation, court order or other legal process; (2) to enforce any agreements you have entered into with us, including this Privacy Policy; or (3) to respond to claims that your use of the Service violates the rights of a third party. If the service or our company is merged with or acquired by another company, your information will be one of the assets transferred to the new owner.<\/span><\/p>\n<\/li>\n<li>\n<h2 class=\"privacy-policy-h2\"><span style=\"color: #344b61;\">Keeping your information :<\/span><\/h2>\n<p class=\"privacy-policy-p\"><span style=\"color: #344b61;\">We will retain your personal information for 90 days to 2 years after users terminate their account or for as long as we need it to fulfill the purposes for which it was collected, as set out in this Privacy Policy. We may need to retain certain information for longer periods, for example for record-keeping or reporting purposes in accordance with applicable legislation or for other legitimate reasons such as enforcement of legal rights, fraud prevention, etc. Residual anonymous information and aggregated information, which do not allow you to be identified (directly or indirectly), may be stored indefinitely.<\/span><\/p>\n<\/li>\n<li>\n<h2 class=\"privacy-policy-h2\"><span style=\"color: #344b61;\">Your rights :<\/span><\/h2>\n<p class=\"privacy-policy-p\"><span style=\"color: #344b61;\">Depending on the applicable legislation, you may have a right to access and rectify or erase your personal data or receive a copy of your personal data, restrict or object to the active processing of your data, ask us to share (port) your personal data with another entity, withdraw any consent you have given us to process your data, a right to lodge a complaint with a statutory authority and any other relevant rights under the applicable legislation. To exercise these rights, you can write to us at internet@sportechange.com. We will respond to your request in accordance with the applicable legislation.<\/span><\/p>\n<p class=\"privacy-policy-p\"><span style=\"color: #344b61;\">You can opt-out of direct marketing communications or profiling we carry out for marketing purposes by writing to us at internet@sportechange.com.<\/span><\/p>\n<p class=\"privacy-policy-p\"><span style=\"color: #344b61;\">Please note that if you do not authorize us to collect or process the personal information requested or if you withdraw your consent to the processing of such information for the purposes requested, you may not be able to access or use the services for which your information has been requested.<\/span><\/p>\n<\/li>\n<li>\n<h2 class=\"privacy-policy-h2\"><span style=\"color: #344b61;\">Cookies Etc.<\/span><\/h2>\n<p class=\"privacy-policy-p\">To find out more about how we use these technologies and the choices available to you in this regard, please consult our <a style=\"color: #344b61;\" href=\"https:\/\/www.sportechange.com\/politique-de-confidentialite\/\">Cookie Policy.<\/a><\/p>\n<\/li>\n<li>\n<h2 class=\"privacy-policy-h2\"><span style=\"color: #344b61;\">Safety :<\/span><\/h2>\n<p class=\"privacy-policy-p\"><span style=\"color: #344b61;\">The security of your information is important to us and we will use reasonable security measures to prevent the loss, misuse or unauthorized alteration of your information under our control. However, given the inherent risks, we cannot guarantee absolute security and, therefore, we cannot ensure or warrant the security of any information you transmit to us and you do so at your own risk.<\/span><\/p>\n<\/li>\n<li>\n<h2 class=\"privacy-policy-h2\"><span style=\"color: #344b61;\">Links to third parties ; use of your information :<\/span><\/h2>\n<p class=\"privacy-policy-p\"><span style=\"color: #344b61;\">Notre service peut contenir des liens vers d'autres sites web qui ne sont pas exploit\u00e9s par nous. La pr\u00e9sente politique de confidentialit\u00e9 ne traite pas de la politique de confidentialit\u00e9 et des autres pratiques des tiers, y compris des tiers exploitant un site web ou un service accessible par un lien sur le service. Nous vous conseillons vivement de consulter la politique de confidentialit\u00e9 de chaque site que vous visitez. Nous n'avons aucun contr\u00f4le sur le contenu, les politiques de confidentialit\u00e9 ou les pratiques des sites ou services tiers et n'assumons aucune responsabilit\u00e9 \u00e0 cet \u00e9gard.<\/span><\/p>\n<\/li>\n<li>\n<h2 class=\"privacy-policy-h2\"><span style=\"color: #344b61;\">Complaints and Data Protection Officer :<\/span><\/h2>\n<p class=\"privacy-policy-p\"><span style=\"color: #344b61;\">If you have any questions or concerns regarding the handling of your personal information, you may email our grievance officer at Sport Echange Outaouais inc. 1065 boul. de la Carri\u00e8re, email: ecorcoran@sportechange.com. We will address your concerns in accordance with applicable law.<\/span><\/p>\n<p class=\"privacy-policy-p\"><span style=\"color: #344b61;\">Privacy policy generated with <a style=\"color: #344b61;\" href=\"https:\/\/www.cookieyes.com\/?utm_source=PP&amp;utm_medium=footer&amp;utm_campaign=UW\" target=\"_blank\" rel=\"noopener\">CookieYes<\/a>.<\/span><\/p>\n<\/li>\n<\/ol>\n","protected":false},"excerpt":{"rendered":"<p>Privacy policy This privacy policy describes the policies of Sport Echange Outaouais inc, 1065 boul. de la Carri\u00e8re, (QC), J8Y 6V5, Canada, E-mail: internet@sportechange.com, Telephone: 819 770-6445 About the collection, use and disclosure of information we collect when you use our website ( sportechange.com ). (the \"Service\"). By accessing or using the Service, you consent [&hellip;]<\/p>\n","protected":false},"author":8,"featured_media":0,"parent":0,"menu_order":0,"comment_status":"closed","ping_status":"closed","template":"","meta":{"_monsterinsights_skip_tracking":false,"_monsterinsights_sitenote_active":false,"_monsterinsights_sitenote_note":"","_monsterinsights_sitenote_category":0,"footnotes":""},"class_list":["post-66721","page","type-page","status-publish","hentry","has-post-title","has-post-date","has-post-category","has-post-tag","has-post-comment","has-post-author",""],"aioseo_notices":[],"_links":{"self":[{"href":"https:\/\/www.sportechange.com\/en\/wp-json\/wp\/v2\/pages\/66721","targetHints":{"allow":["GET"]}}],"collection":[{"href":"https:\/\/www.sportechange.com\/en\/wp-json\/wp\/v2\/pages"}],"about":[{"href":"https:\/\/www.sportechange.com\/en\/wp-json\/wp\/v2\/types\/page"}],"author":[{"embeddable":true,"href":"https:\/\/www.sportechange.com\/en\/wp-json\/wp\/v2\/users\/8"}],"replies":[{"embeddable":true,"href":"https:\/\/www.sportechange.com\/en\/wp-json\/wp\/v2\/comments?post=66721"}],"version-history":[{"count":20,"href":"https:\/\/www.sportechange.com\/en\/wp-json\/wp\/v2\/pages\/66721\/revisions"}],"predecessor-version":[{"id":79844,"href":"https:\/\/www.sportechange.com\/en\/wp-json\/wp\/v2\/pages\/66721\/revisions\/79844"}],"wp:attachment":[{"href":"https:\/\/www.sportechange.com\/en\/wp-json\/wp\/v2\/media?parent=66721"}],"curies":[{"name":"wp","href":"https:\/\/api.w.org\/{rel}","templated":true}]}}